{"id":1622,"date":"2025-02-09T08:08:04","date_gmt":"2025-02-09T08:08:04","guid":{"rendered":"https:\/\/demireisen.com.tr\/?page_id=1622"},"modified":"2025-02-09T09:03:15","modified_gmt":"2025-02-09T09:03:15","slug":"basvuru-form","status":"publish","type":"page","link":"https:\/\/demireisen.com.tr\/en\/basvuru-form\/","title":{"rendered":"Ba\u015fvuru Formu"},"content":{"rendered":"<div class=\"wpb-content-wrapper\"><p>[vc_row parallax_bg=&#8221;true&#8221; css=&#8221;.vc_custom_1738511181249{padding-top: 200px !important;padding-bottom: 200px !important;background-image: url(https:\/\/demireisen.com.tr\/wp-content\/uploads\/2025\/02\/ik2-scaled.jpg?id=1479) !important;background-position: center !important;background-repeat: no-repeat !important;background-size: cover !important;}&#8221;][vc_column el_class=&#8221;baslik&#8221;][vc_column_text css=&#8221;&#8221;]BA\u015eVURU FORMU[\/vc_column_text][\/vc_column][\/vc_row][vc_row css=&#8221;.vc_custom_1738504828024{margin-top: 50px !important;margin-bottom: 20px !important;}&#8221;][vc_column][vc_column_text css=&#8221;.vc_custom_1739088069621{margin-bottom: 0px !important;}&#8221;]\u0130\u015f ba\u015fvurusu yapmak i\u00e7in l\u00fctfen formu eksiksiz doldurunuz.[\/vc_column_text][\/vc_column][\/vc_row][vc_row fullwidth=&#8221;yes&#8221;][vc_column][vc_column_text css=&#8221;&#8221;]<\/p>\n<form class=\"\" name=\"cvform\">\n<p>Ki\u015fisel Bilgiler<\/p>\n<table>\n<tbody>\n<tr>\n<td><label for=\"input_0\">\u0130sim<\/label><br \/>\n<input id=\"input_0\" class=\"md-input\" name=\"isim\" required=\"\" type=\"text\" \/><\/p>\n<div aria-live=\"assertive\">\n<div>Bo\u015f olamaz.<\/div>\n<\/div>\n<p>&nbsp;<\/td>\n<td><label for=\"input_1\">Soyisim<\/label><br \/>\n<input id=\"input_1\" class=\"md-input\" name=\"soyisim\" required=\"\" type=\"text\" \/><\/p>\n<div aria-live=\"assertive\">\n<div>Bo\u015f olamaz.<\/div>\n<\/div>\n<p>&nbsp;<\/td>\n<\/tr>\n<tr>\n<td><label for=\"input_2\">Do\u011fum Tarihi<\/label><br \/>\n<input id=\"input_2\" class=\"md-input\" name=\"dtarih\" required=\"\" type=\"text\" \/><\/p>\n<div aria-live=\"assertive\">\n<div>Bo\u015f olamaz.<\/div>\n<\/div>\n<p>&nbsp;<\/td>\n<td><label for=\"input_3\">Do\u011fum Yeri<\/label><br \/>\n<input id=\"input_3\" class=\"md-input\" name=\"dyeri\" required=\"\" type=\"text\" \/><\/p>\n<div aria-live=\"assertive\">\n<div>Bo\u015f olamaz.<\/div>\n<\/div>\n<p>&nbsp;<\/td>\n<\/tr>\n<tr>\n<td><select name=\"cinsiyet\"><option value=\"secim\">Cinsiyet<\/option><option value=\"kadin\">Kad\u0131n<\/option><option value=\"erkek\">Erkek<\/option><option value=\"secilmedi\">Belirtmek \u0130stemiyorum<\/option><\/select><\/td>\n<td><select name=\"medeni\"><option value=\"secim\">Medeni Hali<\/option><option value=\"kadin\">Bekar<\/option><option value=\"erkek\">Evli<\/option><option value=\"secilmedi\">Belirtmek \u0130stemiyorum<\/option><\/select><\/td>\n<\/tr>\n<\/tbody>\n<\/table>\n<p><label for=\"input_4\">Uyru\u011fu<\/label><br \/>\n<input id=\"input_4\" class=\"md-input\" name=\"uyruk\" required=\"\" type=\"text\" \/><\/p>\n<div aria-live=\"assertive\">\n<div>Bo\u015f olamaz.<\/div>\n<\/div>\n<p>&nbsp;<\/p>\n<p>Ki\u015fisel Bilgiler<\/p>\n<p><label for=\"input_5\">Posta Aderesi<\/label><br \/>\n<input id=\"input_5\" class=\"md-input\" name=\"adres\" required=\"\" type=\"text\" \/><\/p>\n<div aria-live=\"assertive\">\n<div>Bo\u015f olamaz.<\/div>\n<\/div>\n<p>&nbsp;<\/p>\n<table>\n<tbody>\n<tr>\n<td><label for=\"input_6\">Telefon<\/label><br \/>\n<input id=\"input_6\" class=\"md-input\" name=\"tel\" required=\"\" type=\"text\" \/><\/p>\n<div aria-live=\"assertive\">\n<div>Bo\u015f olamaz.<\/div>\n<\/div>\n<p>&nbsp;<\/td>\n<td><label for=\"input_6\">E-posta<\/label><br \/>\n<input id=\"input_6\" class=\"md-input\" name=\"tel\" required=\"\" type=\"text\" \/><\/p>\n<div aria-live=\"assertive\">\n<div>Bo\u015f olamaz.<\/div>\n<\/div>\n<\/td>\n<\/tr>\n<\/tbody>\n<\/table>\n<p>Askerlik Durumu<\/p>\n<table>\n<tbody>\n<tr>\n<td><select name=\"askerlik\"><option value=\"yapti\">Yapt\u0131m<\/option><option value=\"yapmadi\">Yapmad\u0131m<\/option><option value=\"tecilli\">Tecilli<\/option><option value=\"secilmedi\">Belirtmek \u0130stemiyorum<\/option><\/select><\/td>\n<td><select name=\"sigara\"><option value=\"secim\">Sigara kullan\u0131yor musunuz?<\/option><option value=\"iciyor\">Evet<\/option><option value=\"icmiyor\">Hay\u0131r<\/option><option value=\"secilmedi\">Belirtmek \u0130stemiyorum<\/option><\/select><\/td>\n<\/tr>\n<\/tbody>\n<\/table>\n<p>\u00d6\u011frenim Durumu<\/p>\n<table>\n<tbody>\n<tr>\n<td><label for=\"input_8\">\u0130lkokul Ad\u0131<\/label><br \/>\n<input id=\"input_8\" class=\"md-input\" name=\"ilkokulad\" required=\"\" type=\"text\" \/><\/p>\n<div aria-live=\"assertive\">\n<div>Bo\u015f olamaz.<\/div>\n<\/div>\n<p>&nbsp;<\/td>\n<td><label for=\"input_9\">B\u00f6l\u00fcm\u00fc<\/label><br \/>\n<input id=\"input_9\" class=\"md-input\" name=\"ilkokulbol\" required=\"\" type=\"text\" \/><\/p>\n<div aria-live=\"assertive\">\n<div>Bo\u015f olamaz.<\/div>\n<\/div>\n<p>&nbsp;<\/td>\n<td><label for=\"input_10\">Ba\u015flama Tarihi<\/label><br \/>\n<input id=\"input_10\" class=\"md-input\" name=\"ilkokulbas\" required=\"\" type=\"text\" \/><\/p>\n<div aria-live=\"assertive\">\n<div>Bo\u015f olamaz.<\/div>\n<\/div>\n<p>&nbsp;<\/td>\n<td><label for=\"input_11\">Bitirme Tarihi<\/label><br \/>\n<input id=\"input_11\" class=\"md-input\" name=\"ilkokulbit\" required=\"\" type=\"text\" \/><\/p>\n<div aria-live=\"assertive\">\n<div>Bo\u015f olamaz.<\/div>\n<\/div>\n<p>&nbsp;<\/td>\n<td><label for=\"input_12\">Mezuniyet Derecesi<\/label><br \/>\n<input id=\"input_12\" class=\"md-input\" name=\"ilkokulmez\" required=\"\" type=\"text\" \/><\/p>\n<div aria-live=\"assertive\">\n<div>Bo\u015f olamaz.<\/div>\n<\/div>\n<p>&nbsp;<\/td>\n<\/tr>\n<tr>\n<td><label for=\"input_13\">Lise Ad\u0131<\/label><br \/>\n<input id=\"input_13\" class=\"md-input\" name=\"lisead\" required=\"\" type=\"text\" \/><\/p>\n<div aria-live=\"assertive\">\n<div>Bo\u015f olamaz.<\/div>\n<\/div>\n<p>&nbsp;<\/td>\n<td><label for=\"input_14\">B\u00f6l\u00fcm\u00fc<\/label><br \/>\n<input id=\"input_14\" class=\"md-input\" name=\"lisebol\" required=\"\" type=\"text\" \/><\/p>\n<div aria-live=\"assertive\">\n<div>Bo\u015f olamaz.<\/div>\n<\/div>\n<p>&nbsp;<\/td>\n<td><label for=\"input_15\">Ba\u015flama Tarihi<\/label><br \/>\n<input id=\"input_15\" class=\"md-input\" name=\"lisebas\" required=\"\" type=\"text\" \/><\/p>\n<div aria-live=\"assertive\">\n<div>Bo\u015f olamaz.<\/div>\n<\/div>\n<p>&nbsp;<\/td>\n<td><label for=\"input_16\">Bitirme Tarihi<\/label><br \/>\n<input id=\"input_16\" class=\"md-input\" name=\"lisebit\" required=\"\" type=\"text\" \/><\/p>\n<div aria-live=\"assertive\">\n<div>Bo\u015f olamaz.<\/div>\n<\/div>\n<p>&nbsp;<\/td>\n<td><label for=\"input_17\">Mezuniyet Derecesi<\/label><br \/>\n<input id=\"input_17\" class=\"md-input\" name=\"lisemez\" required=\"\" type=\"text\" \/><\/p>\n<div aria-live=\"assertive\">\n<div>Bo\u015f olamaz.<\/div>\n<\/div>\n<p>&nbsp;<\/td>\n<\/tr>\n<tr>\n<td><label for=\"input_18\">\u00dcniversite Ad\u0131<\/label><br \/>\n<input id=\"input_18\" class=\"md-input\" name=\"universitead\" required=\"\" type=\"text\" \/><\/p>\n<div aria-live=\"assertive\">\n<div>Bo\u015f olamaz.<\/div>\n<\/div>\n<p>&nbsp;<\/td>\n<td><label for=\"input_19\">B\u00f6l\u00fcm\u00fc<\/label><br \/>\n<input id=\"input_19\" class=\"md-input\" name=\"universitebol\" required=\"\" type=\"text\" \/><\/p>\n<div aria-live=\"assertive\">\n<div>Bo\u015f olamaz.<\/div>\n<\/div>\n<p>&nbsp;<\/td>\n<td><label for=\"input_20\">Ba\u015flama Tarihi<\/label><br \/>\n<input id=\"input_20\" class=\"md-input\" name=\"universitebas\" required=\"\" type=\"text\" \/><\/p>\n<div aria-live=\"assertive\">\n<div>Bo\u015f olamaz.<\/div>\n<\/div>\n<p>&nbsp;<\/td>\n<td><label for=\"input_21\">Bitirme Tarihi<\/label><br \/>\n<input id=\"input_21\" class=\"md-input\" name=\"universitebit\" required=\"\" type=\"text\" \/><\/p>\n<div aria-live=\"assertive\">\n<div>Bo\u015f olamaz.<\/div>\n<\/div>\n<p>&nbsp;<\/td>\n<td><label for=\"input_22\">Mezuniyet Derecesi<\/label><br \/>\n<input id=\"input_22\" class=\"md-input\" name=\"universitemez\" required=\"\" type=\"text\" \/><\/p>\n<div aria-live=\"assertive\">\n<div>Bo\u015f olamaz.<\/div>\n<\/div>\n<p>&nbsp;<\/td>\n<\/tr>\n<tr>\n<td><label for=\"input_23\">Y\u00fcksek Lisans<\/label><br \/>\n<input id=\"input_23\" class=\"md-input\" name=\"yuksekad\" required=\"\" type=\"text\" \/><\/p>\n<div aria-live=\"assertive\">\n<div>Bo\u015f olamaz.<\/div>\n<\/div>\n<p>&nbsp;<\/td>\n<td><label for=\"input_24\">B\u00f6l\u00fcm\u00fc<\/label><br \/>\n<input id=\"input_24\" class=\"md-input\" name=\"yuksekbol\" required=\"\" type=\"text\" \/><\/p>\n<div aria-live=\"assertive\">\n<div>Bo\u015f olamaz.<\/div>\n<\/div>\n<p>&nbsp;<\/td>\n<td><label for=\"input_25\">Ba\u015flama Tarihi<\/label><br \/>\n<input id=\"input_25\" class=\"md-input\" name=\"yuksekbas\" required=\"\" type=\"text\" \/><\/p>\n<div aria-live=\"assertive\">\n<div>Bo\u015f olamaz.<\/div>\n<\/div>\n<p>&nbsp;<\/td>\n<td><label for=\"input_26\">Bitirme Tarihi<\/label><br \/>\n<input id=\"input_26\" class=\"md-input\" name=\"yuksekbit\" required=\"\" type=\"text\" \/><\/p>\n<div aria-live=\"assertive\">\n<div>Bo\u015f olamaz.<\/div>\n<\/div>\n<p>&nbsp;<\/td>\n<td><label for=\"input_27\">Mezuniyet Derecesi<\/label><br \/>\n<input id=\"input_27\" class=\"md-input\" name=\"yuksekmez\" required=\"\" type=\"text\" \/><\/p>\n<div aria-live=\"assertive\">\n<div>Bo\u015f olamaz.<\/div>\n<\/div>\n<p>&nbsp;<\/td>\n<\/tr>\n<\/tbody>\n<\/table>\n<table>\n<tbody>\n<tr>\n<td><select name=\"dil1\"><option value=\"secim\">Yabanc\u0131 Dil<\/option><option value=\"ingilizce\">\u0130ngilizce<\/option><option value=\"almanca\">Almanca<\/option><option value=\"rusca\">Rus\u00e7a<\/option><option value=\"arapca\">Arap\u00e7a<\/option><\/select><\/td>\n<td><select name=\"dil1konusma\"><option value=\"secim\">Konu\u015fma<\/option><option value=\"cokiyi\">\u00c7ok \u0130yi<\/option><option value=\"iyi\">\u0130yi<\/option><option value=\"orta\">Orta<\/option><option value=\"az\">Az<\/option><\/select><\/td>\n<td><select name=\"dil1okuma\"><option value=\"secim\">Okuma<\/option><option value=\"cokiyi\">\u00c7ok \u0130yi<\/option><option value=\"iyi\">\u0130yi<\/option><option value=\"orta\">Orta<\/option><option value=\"az\">Az<\/option><\/select><\/td>\n<td><select name=\"dil1yazma\"><option value=\"secim\">Yazma<\/option><option value=\"cokiyi\">\u00c7ok \u0130yi<\/option><option value=\"iyi\">\u0130yi<\/option><option value=\"orta\">Orta<\/option><option value=\"az\">Az<\/option><\/select><\/td>\n<\/tr>\n<tr>\n<td><select name=\"dil2\"><option value=\"secim\">Yabanc\u0131 Dil<\/option><option value=\"ingilizce\">\u0130ngilizce<\/option><option value=\"almanca\">Almanca<\/option><option value=\"rusca\">Rus\u00e7a<\/option><option value=\"arapca\">Arap\u00e7a<\/option><\/select><\/td>\n<td><select name=\"dil2konusma\"><option value=\"secim\">Konu\u015fma<\/option><option value=\"cokiyi\">\u00c7ok \u0130yi<\/option><option value=\"iyi\">\u0130yi<\/option><option value=\"orta\">Orta<\/option><option value=\"az\">Az<\/option><\/select><\/td>\n<td><select name=\"dil2okuma\"><option value=\"secim\">Okuma<\/option><option value=\"cokiyi\">\u00c7ok \u0130yi<\/option><option value=\"iyi\">\u0130yi<\/option><option value=\"orta\">Orta<\/option><option value=\"az\">Az<\/option><\/select><\/td>\n<td><select name=\"dil2yazma\"><option value=\"secim\">Yazma<\/option><option value=\"cokiyi\">\u00c7ok \u0130yi<\/option><option value=\"iyi\">\u0130yi<\/option><option value=\"orta\">Orta<\/option><option value=\"az\">Az<\/option><\/select><\/td>\n<\/tr>\n<\/tbody>\n<\/table>\n<div class=\"col-sm-6\">\n<p>1. \u0130\u015f Deneyimi<\/p>\n<p><label for=\"input_28\">Kurulu\u015f Ad\u0131 ve Yeri<\/label><br \/>\n<input id=\"input_28\" class=\"md-input\" name=\"is1adi\" required=\"\" type=\"text\" \/><\/p>\n<div aria-live=\"assertive\">\n<div>Bo\u015f olamaz.<\/div>\n<\/div>\n<p><label for=\"input_29\">G\u00f6reviniz<\/label><br \/>\n<input id=\"input_29\" class=\"md-input\" name=\"is1gorev\" required=\"\" type=\"text\" \/><\/p>\n<div aria-live=\"assertive\">\n<div>Bo\u015f olamaz.<\/div>\n<\/div>\n<p><label for=\"input_30\">G\u00f6rev Tan\u0131m\u0131<\/label><br \/>\n<input id=\"input_30\" class=\"md-input\" name=\"is1tanim\" required=\"\" type=\"text\" \/><\/p>\n<div aria-live=\"assertive\">\n<div>Bo\u015f olamaz.<\/div>\n<\/div>\n<p><label for=\"input_31\">Giri\u015f Tarihi<\/label><br \/>\n<input id=\"input_31\" class=\"md-input\" name=\"is1giris\" required=\"\" type=\"text\" \/><\/p>\n<div aria-live=\"assertive\">\n<div>Bo\u015f olamaz.<\/div>\n<\/div>\n<p><label for=\"input_32\">\u00c7\u0131k\u0131\u015f Tarihi<\/label><br \/>\n<input id=\"input_32\" class=\"md-input\" name=\"is1cikis\" required=\"\" type=\"text\" \/><\/p>\n<div aria-live=\"assertive\">\n<div>Bo\u015f olamaz.<\/div>\n<\/div>\n<p><label for=\"input_33\">Ayr\u0131lma Nedeni<\/label><br \/>\n<input id=\"input_33\" class=\"md-input\" name=\"is1neden\" required=\"\" type=\"text\" \/><\/p>\n<div aria-live=\"assertive\">\n<div>Bo\u015f olamaz.<\/div>\n<\/div>\n<p>&nbsp;<\/p><\/div>\n<div class=\"col-sm-6\">\n<p>2. \u0130\u015f Deneyimi<\/p>\n<p><label for=\"input_34\">Kurulu\u015f Ad\u0131 ve Yeri<\/label><br \/>\n<input id=\"input_34\" class=\"md-input\" name=\"is2adi\" required=\"\" type=\"text\" \/><\/p>\n<div aria-live=\"assertive\">\n<div>Bo\u015f olamaz.<\/div>\n<\/div>\n<p><label for=\"input_35\">G\u00f6reviniz<\/label><br \/>\n<input id=\"input_35\" class=\"md-input\" name=\"is2gorev\" required=\"\" type=\"text\" \/><\/p>\n<div aria-live=\"assertive\">\n<div>Bo\u015f olamaz.<\/div>\n<\/div>\n<p><label for=\"input_36\">G\u00f6rev Tan\u0131m\u0131<\/label><br \/>\n<input id=\"input_36\" class=\"md-input\" name=\"is2tanim\" required=\"\" type=\"text\" \/><\/p>\n<div aria-live=\"assertive\">\n<div>Bo\u015f olamaz.<\/div>\n<\/div>\n<p><label for=\"input_37\">Giri\u015f Tarihi<\/label><br \/>\n<input id=\"input_37\" class=\"md-input\" name=\"is2giris\" required=\"\" type=\"text\" \/><\/p>\n<div aria-live=\"assertive\">\n<div>Bo\u015f olamaz.<\/div>\n<\/div>\n<p><label for=\"input_38\">\u00c7\u0131k\u0131\u015f Tarihi<\/label><br \/>\n<input id=\"input_38\" class=\"md-input\" name=\"is2cikis\" required=\"\" type=\"text\" \/><\/p>\n<div aria-live=\"assertive\">\n<div>Bo\u015f olamaz.<\/div>\n<\/div>\n<p><label for=\"input_39\">Ayr\u0131lma Nedeni<\/label><br \/>\n<input id=\"input_39\" class=\"md-input\" name=\"is2neden\" required=\"\" type=\"text\" \/><\/p>\n<div aria-live=\"assertive\">\n<div>Bo\u015f olamaz.<\/div>\n<\/div>\n<p>&nbsp;<\/p><\/div>\n<p>&nbsp;<\/p>\n<div class=\"col-sm-12\">\n<p><label for=\"input_40\">Notlar ( iletmek istedikleriniz, referanslar\u0131n\u0131z )<\/label><br \/>\n<input id=\"input_40\" class=\"md-input\" name=\"notlar\" required=\"\" type=\"text\" \/><\/p>\n<div aria-live=\"assertive\">\n<div>Bo\u015f olamaz.<\/div>\n<\/div>\n<p>&nbsp;<\/p><\/div>\n<div><button class=\"registration-btn md-button md-ink-ripple\" type=\"submit\"><span class=\"ng-scope\">G\u00f6nder<\/span><\/button><\/div>\n<\/form>\n<p>[\/vc_column_text][\/vc_column][\/vc_row]<\/p>\n<\/div>","protected":false},"excerpt":{"rendered":"<p>[vc_row parallax_bg=&#8221;true&#8221; css=&#8221;.vc_custom_1738511181249{padding-top: 200px !important;padding-bottom: 200px !important;background-image: url(https:\/\/demireisen.com.tr\/wp-content\/uploads\/2025\/02\/ik2-scaled.jpg?id=1479) !important;background-position: center !important;background-repeat: no-repeat !important;background-size: cover !important;}&#8221;][vc_column el_class=&#8221;baslik&#8221;][vc_column_text css=&#8221;&#8221;]BA\u015eVURU FORMU[\/vc_column_text][\/vc_column][\/vc_row][vc_row css=&#8221;.vc_custom_1738504828024{margin-top: 50px !important;margin-bottom: 20px !important;}&#8221;][vc_column][vc_column_text css=&#8221;.vc_custom_1739088069621{margin-bottom: 0px !important;}&#8221;]\u0130\u015f ba\u015fvurusu yapmak i\u00e7in l\u00fctfen formu eksiksiz doldurunuz.[\/vc_column_text][\/vc_column][\/vc_row][vc_row fullwidth=&#8221;yes&#8221;][vc_column][vc_column_text css=&#8221;&#8221;] Ki\u015fisel Bilgiler \u0130sim Bo\u015f olamaz. &nbsp; Soyisim Bo\u015f olamaz. &nbsp; Do\u011fum Tarihi Bo\u015f olamaz. &nbsp; Do\u011fum Yeri Bo\u015f olamaz. &nbsp; [&hellip;]<\/p>\n","protected":false},"author":1,"featured_media":0,"parent":0,"menu_order":0,"comment_status":"closed","ping_status":"closed","template":"page-templates\/template-fullwidth.php","meta":{"footnotes":""},"class_list":["post-1622","page","type-page","status-publish","hentry"],"_links":{"self":[{"href":"https:\/\/demireisen.com.tr\/en\/wp-json\/wp\/v2\/pages\/1622","targetHints":{"allow":["GET"]}}],"collection":[{"href":"https:\/\/demireisen.com.tr\/en\/wp-json\/wp\/v2\/pages"}],"about":[{"href":"https:\/\/demireisen.com.tr\/en\/wp-json\/wp\/v2\/types\/page"}],"author":[{"embeddable":true,"href":"https:\/\/demireisen.com.tr\/en\/wp-json\/wp\/v2\/users\/1"}],"replies":[{"embeddable":true,"href":"https:\/\/demireisen.com.tr\/en\/wp-json\/wp\/v2\/comments?post=1622"}],"version-history":[{"count":8,"href":"https:\/\/demireisen.com.tr\/en\/wp-json\/wp\/v2\/pages\/1622\/revisions"}],"predecessor-version":[{"id":1636,"href":"https:\/\/demireisen.com.tr\/en\/wp-json\/wp\/v2\/pages\/1622\/revisions\/1636"}],"wp:attachment":[{"href":"https:\/\/demireisen.com.tr\/en\/wp-json\/wp\/v2\/media?parent=1622"}],"curies":[{"name":"wp","href":"https:\/\/api.w.org\/{rel}","templated":true}]}}