{"id":813,"date":"2017-06-21T03:36:21","date_gmt":"2017-06-21T03:36:21","guid":{"rendered":"http:\/\/localhost\/construct\/?page_id=813"},"modified":"2025-08-17T08:49:48","modified_gmt":"2025-08-17T08:49:48","slug":"home-3","status":"publish","type":"page","link":"https:\/\/demireisen.com.tr\/en\/","title":{"rendered":"Home 3"},"content":{"rendered":"<div class=\"wpb-content-wrapper\"><p>[vc_row][vc_column]\n\t\t\t\t<p class=\"rs-p-wp-fix\"><\/p>\n\t\t\t\t<sr7-module data-alias=\"home-simple\" data-id=\"2\" id=\"SR7_2_1\" class=\"rs-ov-hidden\" data-version=\"6.7.23\">\n\t\t\t\t\t<sr7-adjuster><\/sr7-adjuster>\n\t\t\t\t\t<sr7-content>\n\t\t\t\t\t\t<sr7-slide id=\"SR7_2_1-3\" data-key=\"3\">\n\t\t\t\t\t\t\t<sr7-txt id=\"SR7_2_1-3-1\" class=\"sr7-layer\">GE\u00c7M\u0130\u015eTEN GELECE\u011eE...<\/sr7-txt>\n\t\t\t\t\t\t\t<sr7-txt id=\"SR7_2_1-3-2\" class=\"sr7-layer\">Makro yap\u0131lardan mikro yap\u0131lara kadar her alanda hizmet vermek.<\/sr7-txt>\n\t\t\t\t\t\t<\/sr7-slide>\n\t\t\t\t\t\t<sr7-slide id=\"SR7_2_1-5\" data-key=\"5\">\n\t\t\t\t\t\t<\/sr7-slide>\n\t\t\t\t\t<\/sr7-content>\n\t\t\t\t<\/sr7-module>\n\t\t\t\t<script>\n\t\t\t\t\tSR7.PMH ??={}; SR7.PMH[\"SR7_2_1\"] = {cn:100,state:false,fn: function() { if (_tpt!==undefined && _tpt.prepareModuleHeight !== undefined) {  _tpt.prepareModuleHeight({id:\"SR7_2_1\",el:[900,900,900,650,650],type:'standard',shdw:'0',gh:[900,900,900,650,650],gw:[1851,1851,1851,778,480],vpt:['-100px&#039;,&#039;-100px&#039;,&#039;-100px&#039;,&#039;-100px&#039;,&#039;-100px'],size:{fullWidth:true, fullHeight:true},fho:'',mh:'0',onh:0,onw:0,bg:{color:'{\"orig\":\"transparent\",\"type\":\"solid\",\"string\":\"transparent\"}'},plType:'0',plColor:'#FFFFFF'});   SR7.PMH[\"SR7_2_1\"].state=true;} else if(SR7.PMH[\"SR7_2_1\"].cn-->0)\tsetTimeout( SR7.PMH[\"SR7_2_1\"].fn,19);}};SR7.PMH[\"SR7_2_1\" ].fn();\n\t\t\t\t<\/script>\n[\/vc_column][\/vc_row][vc_row fullwidth=&#8221;yes&#8221;][vc_column][vc_raw_html css=&#8221;&#8221;]JTNDZGl2JTIwY2xhc3MlM0QlMjJoaXptZXQlMjIlM0UlMEElMjAlMjAlMjAlMjAlM0NkaXYlMjBjbGFzcyUzRCUyMmJveCUyMiUyMHN0eWxlJTNEJTIyYmFja2dyb3VuZC1pbWFnZSUzQSUyMHVybCUyOCUyN2h0dHAlM0ElMkYlMkZ3d3cuZGVtaXJlaXNlbi5jb20udHIlMkZ3cC1jb250ZW50JTJGdXBsb2FkcyUyRjIwMjUlMkYwMiUyRnRhYWhodXQtc2NhbGVkLmpwZyUyNyUyOSUzQiUyMiUzRSUwQSUyMCUyMCUyMCUyMCUyMCUyMCUyMCUyMCUzQ2RpdiUyMGNsYXNzJTNEJTIyb3ZlcmxheSUyMiUzRSUwQSUyMCUyMCUyMCUyMCUyMCUyMCUyMCUyMCUyMCUyMCUyMCUyMCUzQ2ElMjBocmVmJTNEJTIyaHR0cCUzQSUyRiUyRnd3dy5kZW1pcmVpc2VuLmNvbS50ciUyRmVuJTJGdGFhaGh1dCUyRiUyMiUzRSUzQ2gyJTNFQ29uc3RydWN0aW9uJTNDJTJGaDIlM0UlM0MlMkZhJTNFJTBBJTIwJTIwJTIwJTIwJTIwJTIwJTIwJTIwJTIwJTIwJTIwJTIwJTNDYSUyMGhyZWYlM0QlMjJodHRwJTNBJTJGJTJGd3d3LmRlbWlyZWlzZW4uY29tLnRyJTJGZW4lMkZ0YWFoaHV0JTJGJTIyJTIwY2xhc3MlM0QlMjJidXR0b24lMjIlM0UlM0NpJTIwY2xhc3MlM0QlMjJmYS1zb2xpZCUyMGZhLWNoZXZyb24tcmlnaHQlMjIlM0UlM0MlMkZpJTNFJTNDJTJGYSUzRSUwQSUyMCUyMCUyMCUyMCUyMCUyMCUyMCUyMCUzQyUyRmRpdiUzRSUwQSUyMCUyMCUyMCUyMCUzQyUyRmRpdiUzRSUwQSUwOSUzQ2RpdiUyMGNsYXNzJTNEJTIyYm94JTIyJTIwc3R5bGUlM0QlMjJiYWNrZ3JvdW5kLWltYWdlJTNBJTIwdXJsJTI4JTI3aHR0cHMlM0ElMkYlMkZkZW1pcmVpc2VuLmNvbS50ciUyRndwLWNvbnRlbnQlMkZ1cGxvYWRzJTJGMjAyNSUyRjA2JTJGZW5naW5lZXItY2hlY2tpbmctYW5kLWluc3BlY3RpbmctYXQtbWRiLXBhbmVsLXdvcmstMjAyNS0wMy0xNC0xNS0yOC01NC11dGMtc2NhbGVkLmpwZyUyNyUyOSUzQiUyMiUzRSUwQSUyMCUyMCUyMCUyMCUyMCUyMCUyMCUyMCUzQ2RpdiUyMGNsYXNzJTNEJTIyb3ZlcmxheSUyMiUzRSUwQSUyMCUyMCUyMCUyMCUyMCUyMCUyMCUyMCUyMCUyMCUyMCUyMCUzQ2ElMjBocmVmJTNEJTIyaHR0cCUzQSUyRiUyRnd3dy5kZW1pcmVpc2VuLmNvbS50ciUyRmVuJTJGZWxla3RyaWstdGVzaXNhdCUyRiUyMiUzRSUzQ2gyJTNFRWxlY3RyaWNhbCUyMEluc3RhbGxhdGlvbiUzQyUyRmgyJTNFJTNDJTJGYSUzRSUwQSUyMCUyMCUyMCUyMCUyMCUyMCUyMCUyMCUyMCUyMCUyMCUyMCUzQ2ElMjBocmVmJTNEJTIyaHR0cCUzQSUyRiUyRnd3dy5kZW1pcmVpc2VuLmNvbS50ciUyRmVuJTJGZWxla3RyaWstdGVzaXNhdCUyRiUyMiUyMGNsYXNzJTNEJTIyYnV0dG9uJTIyJTNFJTNDaSUyMGNsYXNzJTNEJTIyZmEtc29saWQlMjBmYS1jaGV2cm9uLXJpZ2h0JTIyJTNFJTNDJTJGaSUzRSUzQyUyRmElM0UlMEElMjAlMjAlMjAlMjAlMjAlMjAlMjAlMjAlM0MlMkZkaXYlM0UlMEElMjAlMjAlMjAlMjAlM0MlMkZkaXYlM0UlMEElMDklM0NkaXYlMjBjbGFzcyUzRCUyMmJveCUyMiUyMHN0eWxlJTNEJTIyYmFja2dyb3VuZC1pbWFnZSUzQSUyMHVybCUyOCUyN2h0dHBzJTNBJTJGJTJGZGVtaXJlaXNlbi5jb20udHIlMkZ3cC1jb250ZW50JTJGdXBsb2FkcyUyRjIwMjUlMkYwMiUyRjYtc2NhbGVkLmpwZyUyNyUyOSUzQiUyMiUzRSUwQSUyMCUyMCUyMCUyMCUyMCUyMCUyMCUyMCUzQ2RpdiUyMGNsYXNzJTNEJTIyb3ZlcmxheSUyMiUzRSUwQSUyMCUyMCUyMCUyMCUyMCUyMCUyMCUyMCUyMCUyMCUyMCUyMCUzQ2ElMjBocmVmJTNEJTIyaHR0cCUzQSUyRiUyRnd3dy5kZW1pcmVpc2VuLmNvbS50ciUyRmVuJTJGbWVrYW5pay10ZXNpc2F0JTJGJTIyJTNFJTNDaDIlM0VNZWNoYW5pY2FsJTIwSW5zdGFsbGF0aW9uJTNDJTJGaDIlM0UlM0MlMkZhJTNFJTBBJTIwJTIwJTIwJTIwJTIwJTIwJTIwJTIwJTIwJTIwJTIwJTIwJTNDYSUyMGhyZWYlM0QlMjJodHRwJTNBJTJGJTJGd3d3LmRlbWlyZWlzZW4uY29tLnRyJTJGZW4lMkZtZWthbmlrLXRlc2lzYXQlMkYlMjIlMjBjbGFzcyUzRCUyMmJ1dHRvbiUyMiUzRSUzQ2klMjBjbGFzcyUzRCUyMmZhLXNvbGlkJTIwZmEtY2hldnJvbi1yaWdodCUyMiUzRSUzQyUyRmklM0UlM0MlMkZhJTNFJTBBJTIwJTIwJTIwJTIwJTIwJTIwJTIwJTIwJTNDJTJGZGl2JTNFJTBBJTIwJTIwJTIwJTIwJTNDJTJGZGl2JTNFJTBBJTA5JTBBJTA5JTBBJTNDJTJGZGl2JTNF[\/vc_raw_html][\/vc_column][\/vc_row][vc_row css=&#8221;.vc_custom_1739258866517{margin-top: 0px !important;margin-bottom: 0px !important;background-position: center !important;background-repeat: no-repeat !important;background-size: cover !important;}&#8221;][vc_column]\n\t\t\t\t<p class=\"rs-p-wp-fix\"><\/p>\n\t\t\t\t<sr7-module data-alias=\"slider-1\" data-id=\"3\" id=\"SR7_3_2\" class=\"rs-ov-hidden\" data-version=\"6.7.23\">\n\t\t\t\t\t<sr7-adjuster><\/sr7-adjuster>\n\t\t\t\t\t<sr7-content>\n\t\t\t\t\t\t<sr7-slide id=\"SR7_3_2-7\" data-key=\"7\">\n\t\t\t\t\t\t<\/sr7-slide>\n\t\t\t\t\t\t<sr7-slide id=\"SR7_3_2-8\" data-key=\"8\">\n\t\t\t\t\t\t<\/sr7-slide>\n\t\t\t\t\t<\/sr7-content>\n\t\t\t\t<\/sr7-module>\n\t\t\t\t<script>\n\t\t\t\t\tSR7.PMH ??={}; SR7.PMH[\"SR7_3_2\"] = {cn:100,state:false,fn: function() { if (_tpt!==undefined && _tpt.prepareModuleHeight !== undefined) {  _tpt.prepareModuleHeight({id:\"SR7_3_2\",el:[500,500,768,960,720],type:'standard',shdw:'0',gh:[500,500,413,314,194],gw:[1240,1240,1024,778,480],vpt:['-100px'],size:{fullWidth:true, fullHeight:false},mh:'0',onh:0,onw:0,bg:{color:'{\"orig\":\"transparent\",\"type\":\"solid\",\"string\":\"transparent\"}'}});   SR7.PMH[\"SR7_3_2\"].state=true;} else if(SR7.PMH[\"SR7_3_2\"].cn-->0)\tsetTimeout( SR7.PMH[\"SR7_3_2\"].fn,19);}};SR7.PMH[\"SR7_3_2\" ].fn();\n\t\t\t\t<\/script>\n[\/vc_column][\/vc_row][vc_row css=&#8221;.vc_custom_1737793717896{margin-top: 50px !important;}&#8221;][vc_column width=&#8221;1\/2&#8243;][vc_row_inner css=&#8221;.vc_custom_1737793701679{margin-top: 20px !important;}&#8221;][vc_column_inner]\n    <h2 class=\"text-center\" style=color:#000000>President's Message<\/h2>\n    \t    <div class=\"wprt-lines style-2 custom-1\">\n\t        <div class=\"line-1\"><\/div>\n\t    <\/div>\n    \n    \t    <div class=\"wprt-spacer\" data-desktop=\"36\" data-mobi=\"30\" data-smobi=\"30\"><\/div>\n\t    <div class=\"wprt-subtitle \"><\/p>\n<p style=\"text-align: justify;\">The experience of our group companies that continue to serve in the contracting sector we established in 2013, Demir Eisen<br \/>\nWe have established in order to increase the knowledge of our country and our customers abroad in terms of sustainability to increase the knowledge of our experience and the knowledge of our successes in the sector. To provide better service to our country, our customers for this purpose,<br \/>\nWe aim to create high quality and comfortable areas. We are not only a sector of the construction sector, not a sector of commercial purposes, but also to serve with the awareness that we will be in the future of people&#8217;s lives and we will be in the future. Safe, high quality of the buildings we have made<br \/>\nI see the structures that are respectful to nature and that we can leave the historical texture of the region and the structures that we can leave as a legacy to future generations that do not contradict the silhouette.\u00a0 The investments we will make on this road we have emerged,<br \/>\nI wish that our service will satisfy our customers and this will be in continuity.<\/p>\n<p style=\"text-align: left;\">Kind regards;<\/p>\n<p style=\"text-align: left;\">Chairman of the Board of Directors<\/p>\n<p style=\"text-align: left;\">K. Yi\u011fit Demir<\/p>\n<p><\/div>\n\t    \t\n[\/vc_column_inner][\/vc_row_inner][\/vc_column][vc_column width=&#8221;1\/2&#8243; css=&#8221;.vc_custom_1737793697288{margin-top: 20px !important;}&#8221;][vc_single_image image=&#8221;2194&#8243; img_size=&#8221;500&#215;900&#8243; alignment=&#8221;center&#8221; css=&#8221;&#8221;][\/vc_column][\/vc_row][vc_row css_animation=&#8221;bounceIn&#8221; fullwidth=&#8221;yes&#8221; parallax_bg=&#8221;true&#8221; css=&#8221;.vc_custom_1739211694308{padding-top: 80px !important;padding-bottom: 80px !important;}&#8221; el_class=&#8221;text-center&#8221;][vc_column el_class=&#8221;ana-port&#8221;]\n    <h2 class=\"text-center\" style=color:#4B4B4B>Our Projects<\/h2>\n    \t    <div class=\"wprt-lines style-2 custom-1\">\n\t        <div class=\"line-1\"><\/div>\n\t    <\/div>\n    \n        \t\n[vc_empty_space height=&#8221;43px&#8221;][vc_column_text css=&#8221;.vc_custom_1739213402489{margin-right: 20px !important;margin-bottom: 0px !important;margin-left: 20px !important;}&#8221;]<div class=\"latest-projects\"><div class=\"project-item\"><a href=\"https:\/\/demireisen.com.tr\/en\/proje\/santra-cayyolu\/\"><div class=\"project-image\"><img loading=\"lazy\" decoding=\"async\" width=\"300\" height=\"225\" src=\"https:\/\/demireisen.com.tr\/wp-content\/uploads\/2026\/01\/santra-2-300x225.png\" class=\"attachment-medium size-medium wp-post-image\" alt=\"\" srcset=\"https:\/\/demireisen.com.tr\/wp-content\/uploads\/2026\/01\/santra-2-300x225.png 300w, https:\/\/demireisen.com.tr\/wp-content\/uploads\/2026\/01\/santra-2-1024x768.png 1024w, https:\/\/demireisen.com.tr\/wp-content\/uploads\/2026\/01\/santra-2-768x576.png 768w, https:\/\/demireisen.com.tr\/wp-content\/uploads\/2026\/01\/santra-2.png 1134w\" sizes=\"auto, (max-width: 300px) 100vw, 300px\" \/><\/div><p class=\"project-location\">Ankara<\/p><h3 class=\"project-title\">Santra \u00c7ayyolu<\/h3><hr class=\"project-divider\"><p class=\"project-category\">Mekanik Tesisat<\/p><\/a><\/div><div class=\"project-item\"><a href=\"https:\/\/demireisen.com.tr\/en\/proje\/forum-istanbul-avm\/\"><div class=\"project-image\"><img loading=\"lazy\" decoding=\"async\" width=\"300\" height=\"177\" src=\"https:\/\/demireisen.com.tr\/wp-content\/uploads\/2025\/12\/Ekran-goruntusu-2025-12-04-124448-300x177.png\" class=\"attachment-medium size-medium wp-post-image\" alt=\"\" srcset=\"https:\/\/demireisen.com.tr\/wp-content\/uploads\/2025\/12\/Ekran-goruntusu-2025-12-04-124448-300x177.png 300w, https:\/\/demireisen.com.tr\/wp-content\/uploads\/2025\/12\/Ekran-goruntusu-2025-12-04-124448-1024x605.png 1024w, https:\/\/demireisen.com.tr\/wp-content\/uploads\/2025\/12\/Ekran-goruntusu-2025-12-04-124448-768x453.png 768w, https:\/\/demireisen.com.tr\/wp-content\/uploads\/2025\/12\/Ekran-goruntusu-2025-12-04-124448.png 1472w\" sizes=\"auto, (max-width: 300px) 100vw, 300px\" \/><\/div><p class=\"project-location\">\u0130stanbul<\/p><h3 class=\"project-title\">Forum \u0130stanbul AVM<\/h3><hr class=\"project-divider\"><p class=\"project-category\">Mekanik Tesisat<\/p><\/a><\/div><div class=\"project-item\"><a href=\"https:\/\/demireisen.com.tr\/en\/proje\/tem-avrupa-konutlari\/\"><div class=\"project-image\"><img loading=\"lazy\" decoding=\"async\" width=\"300\" height=\"200\" src=\"https:\/\/demireisen.com.tr\/wp-content\/uploads\/2025\/12\/8c0586db-c8fe-457a-9db9-2d3ef6fa6bb0-300x200.png\" class=\"attachment-medium size-medium wp-post-image\" alt=\"\" srcset=\"https:\/\/demireisen.com.tr\/wp-content\/uploads\/2025\/12\/8c0586db-c8fe-457a-9db9-2d3ef6fa6bb0-300x200.png 300w, https:\/\/demireisen.com.tr\/wp-content\/uploads\/2025\/12\/8c0586db-c8fe-457a-9db9-2d3ef6fa6bb0-1024x683.png 1024w, https:\/\/demireisen.com.tr\/wp-content\/uploads\/2025\/12\/8c0586db-c8fe-457a-9db9-2d3ef6fa6bb0-768x512.png 768w, https:\/\/demireisen.com.tr\/wp-content\/uploads\/2025\/12\/8c0586db-c8fe-457a-9db9-2d3ef6fa6bb0.png 1200w\" sizes=\"auto, (max-width: 300px) 100vw, 300px\" \/><\/div><p class=\"project-location\">\u0130stanbul<\/p><h3 class=\"project-title\">Tem Avrupa Konutlar\u0131<\/h3><hr class=\"project-divider\"><p class=\"project-category\">Mekanik Tesisat<\/p><\/a><\/div><div class=\"project-item\"><a href=\"https:\/\/demireisen.com.tr\/en\/proje\/hayat-sebla-evleri\/\"><div class=\"project-image\"><img loading=\"lazy\" decoding=\"async\" width=\"300\" height=\"200\" src=\"https:\/\/demireisen.com.tr\/wp-content\/uploads\/2025\/12\/wmremove-transformed-300x200.jpeg\" class=\"attachment-medium size-medium wp-post-image\" alt=\"\" srcset=\"https:\/\/demireisen.com.tr\/wp-content\/uploads\/2025\/12\/wmremove-transformed-300x200.jpeg 300w, https:\/\/demireisen.com.tr\/wp-content\/uploads\/2025\/12\/wmremove-transformed-1024x682.jpeg 1024w, https:\/\/demireisen.com.tr\/wp-content\/uploads\/2025\/12\/wmremove-transformed-768x512.jpeg 768w, https:\/\/demireisen.com.tr\/wp-content\/uploads\/2025\/12\/wmremove-transformed-1536x1023.jpeg 1536w, https:\/\/demireisen.com.tr\/wp-content\/uploads\/2025\/12\/wmremove-transformed.jpeg 1600w\" sizes=\"auto, (max-width: 300px) 100vw, 300px\" \/><\/div><p class=\"project-location\">Ankara<\/p><h3 class=\"project-title\">Hayat Sebla Evleri<\/h3><hr class=\"project-divider\"><p class=\"project-category\">Mekanik Tesisat<\/p><\/a><\/div><\/div>[\/vc_column_text][\/vc_column][\/vc_row][vc_row css=&#8221;.vc_custom_1739391381798{padding-top: 80px !important;padding-bottom: 80px !important;background-position: center !important;background-repeat: no-repeat !important;background-size: cover !important;}&#8221;][vc_column]\n    <h2 class=\"text-center\" >Demir Eisen with Numbers<\/h2>\n    \t    <div class=\"wprt-lines style-2 custom-1\">\n\t        <div class=\"line-1\"><\/div>\n\t    <\/div>\n    \n        \t\n[vc_empty_space height=&#8221;43px&#8221;][vc_raw_html css=&#8221;&#8221;]JTNDZGl2JTIwY2xhc3MlM0QlMjJhbmEteWFwaSUyMiUzRSUwQSUyMCUyMCUzQ2RpdiUyMGNsYXNzJTNEJTIyY2VyY2V2ZSUyMiUzRSUwQSUwQSUyMCUyMCUyMCUyMCUzQyUyMS0tJTIwU29sJTIwZGlrZXklMjAlQzMlQTd1YnVrJTNBJTIwMyUyMGt1dHUlMjB5JUMzJUJDa3Nla2xpJUM0JTlGaSUyMCUyQiUyMDIlMjBibyVDNSU5Rmx1ayUyMCUzRCUyMDc5MHB4JTIwLS0lM0UlMEElMjAlMjAlMjAlMjAlM0NkaXYlMjBjbGFzcyUzRCUyMmt1dHUlMjBkYXJrLXJlZCUyMiUyMHN0eWxlJTNEJTIyZ3JpZC1yb3clM0ElMjAxJTIwJTJGJTIwc3BhbiUyMDUlM0IlMjBncmlkLWNvbHVtbiUzQSUyMDElM0IlMjBoZWlnaHQlM0ElMjA3OTBweCUzQiUyMiUzRSUwQSUyMCUyMCUyMCUyMCUyMCUyMCUzQ2RpdiUyMGNsYXNzJTNEJTIyc21hbGwlMjIlM0VOdW1iZXIlMjBvZiUyMENvdW50cmllcyUzQyUyRmRpdiUzRSUwQSUyMCUyMCUyMCUyMCUyMCUyMCUzQ2RpdiUyMGNsYXNzJTNEJTIyYmlnJTIyJTNFNSUyQiUzQyUyRmRpdiUzRSUwQSUyMCUyMCUyMCUyMCUzQyUyRmRpdiUzRSUwQSUwQSUyMCUyMCUyMCUyMCUzQyUyMS0tJTIwJUMzJTlDc3QlMjAlQzMlQTdpemdpJTIwLS0lM0UlMEElMjAlMjAlMjAlMjAlM0NkaXYlMjBjbGFzcyUzRCUyMmt1dHUlMjByZWQlMjIlMjBzdHlsZSUzRCUyMmdyaWQtY29sdW1uJTNBJTIwMiUyMCUyRiUyMHNwYW4lMjAyJTNCJTIwZ3JpZC1yb3clM0ElMjAxJTNCJTIyJTNFJTBBJTIwJTIwJTIwJTIwJTIwJTIwJTNDZGl2JTIwY2xhc3MlM0QlMjJzbWFsbCUyMiUzRU51bWJlciUyMG9mJTIwUHJvamVjdCUyMEludmVzdG1lbnRzJTNDJTJGZGl2JTNFJTBBJTIwJTIwJTIwJTIwJTIwJTIwJTNDZGl2JTIwY2xhc3MlM0QlMjJiaWclMjIlM0U3JTJCJTNDJTJGZGl2JTNFJTBBJTIwJTIwJTIwJTIwJTNDJTJGZGl2JTNFJTBBJTBBJTIwJTIwJTIwJTIwJTNDJTIxLS0lMjBCbyVDNSU5Rmx1ayUyMC0tJTNFJTBBJTIwJTIwJTIwJTIwJTNDZGl2JTIwY2xhc3MlM0QlMjJib3MlMjIlMjBzdHlsZSUzRCUyMmdyaWQtY29sdW1uJTNBJTIwMiUyMCUyRiUyMHNwYW4lMjAyJTNCJTIwZ3JpZC1yb3clM0ElMjAyJTNCJTIyJTNFJTNDJTJGZGl2JTNFJTBBJTBBJTIwJTIwJTIwJTIwJTNDJTIxLS0lMjBPcnRhJTIwJUMzJUE3aXpnaSUyMC0tJTNFJTBBJTIwJTIwJTIwJTIwJTNDZGl2JTIwY2xhc3MlM0QlMjJrdXR1JTIwbGlnaHQtcmVkJTIyJTIwc3R5bGUlM0QlMjJncmlkLWNvbHVtbiUzQSUyMDIlM0IlMjBncmlkLXJvdyUzQSUyMDMlM0IlMjIlM0UlMEElMjAlMjAlMjAlMjAlMjAlMjAlM0NkaXYlMjBjbGFzcyUzRCUyMnNtYWxsJTIyJTNFTnVtYmVyJTIwb2YlMjBlbXBsb3llZXMlM0MlMkZkaXYlM0UlMEElMjAlMjAlMjAlMjAlMjAlMjAlM0NkaXYlMjBjbGFzcyUzRCUyMmJpZyUyMiUzRTIwMCUyQiUzQyUyRmRpdiUzRSUwQSUyMCUyMCUyMCUyMCUzQyUyRmRpdiUzRSUwQSUyMCUyMCUyMCUyMCUzQ2RpdiUyMGNsYXNzJTNEJTIya3V0dSUyMGRhcmstcmVkJTIyJTIwc3R5bGUlM0QlMjJncmlkLWNvbHVtbiUzQSUyMDMlM0IlMjBncmlkLXJvdyUzQSUyMDMlM0IlMjIlM0UlMEElMjAlMjAlMjAlMjAlMjAlMjAlM0NkaXYlMjBjbGFzcyUzRCUyMnNtYWxsJTIyJTNFTnVtYmVyJTIwb2YlMjBUZWNobmljYWwlMjBQZXJzb25uZWwlM0MlMkZkaXYlM0UlMEElMjAlMjAlMjAlMjAlMjAlMjAlM0NkaXYlMjBjbGFzcyUzRCUyMmJpZyUyMiUzRTIwJTJCJTNDJTJGZGl2JTNFJTBBJTIwJTIwJTIwJTIwJTNDJTJGZGl2JTNFJTBBJTBBJTIwJTIwJTIwJTIwJTNDJTIxLS0lMjBCbyVDNSU5Rmx1ayUyMC0tJTNFJTBBJTIwJTIwJTIwJTIwJTNDZGl2JTIwY2xhc3MlM0QlMjJib3MlMjIlMjBzdHlsZSUzRCUyMmdyaWQtY29sdW1uJTNBJTIwMiUyMCUyRiUyMHNwYW4lMjAyJTNCJTIwZ3JpZC1yb3clM0ElMjA0JTNCJTIyJTNFJTNDJTJGZGl2JTNFJTBBJTBBJTIwJTIwJTIwJTIwJTNDJTIxLS0lMjBBbHQlMjAlQzMlQTdpemdpJTIwLS0lM0UlMEElMjAlMjAlMjAlMjAlM0NkaXYlMjBjbGFzcyUzRCUyMmt1dHUlMjByZWQlMjIlMjBzdHlsZSUzRCUyMmdyaWQtY29sdW1uJTNBJTIwMiUyMCUyRiUyMHNwYW4lMjAyJTNCJTIwZ3JpZC1yb3clM0ElMjA1JTNCJTIyJTNFJTBBJTIwJTIwJTIwJTIwJTIwJTIwJTNDZGl2JTIwY2xhc3MlM0QlMjJzbWFsbCUyMiUzRUVuZG9yc2VtZW50JTNDJTJGZGl2JTNFJTBBJTIwJTIwJTIwJTIwJTIwJTIwJTNDZGl2JTIwY2xhc3MlM0QlMjJiaWclMjIlM0UxJTIwQmlsbGlvbiUyMERvbGFyJTIwJTNDZGl2JTIwY2xhc3MlM0QlMjJzbWFsbCUyMiUyMHN0eWxlJTNEJTIyYWxpZ24tc2VsZiUzQSUyMGZsZXgtZW5kJTNCJTIyJTNFJTIwSXQlMjBpbmNsdWRlcyUyMHN1YnNpZGlhcmllcyUyMGFuZCUyMHN1YnNpZGlhcmllcy4lM0MlMkZkaXYlM0UlM0MlMkZkaXYlM0UlMEElMjAlMjAlMjAlMjAlM0MlMkZkaXYlM0UlMEElMEElMjAlMjAlM0MlMkZkaXYlM0UlMEElM0MlMkZkaXYlM0UlMEE=[\/vc_raw_html][\/vc_column][\/vc_row][vc_row][vc_column][vc_empty_space height=&#8221;50px&#8221;]\n    <h2 class=\"text-center\" >Our References<\/h2>\n    \t    <div class=\"wprt-lines style-2 custom-1\">\n\t        <div class=\"line-1\"><\/div>\n\t    <\/div>\n    \n        \t\n[vc_empty_space height=&#8221;50px&#8221;]\n\t\t\n        <div class=\"wprt-partners\">\n\t        <div id=\"partner-69e4fc3f61ffe\" class=\"owl-carousel\">\n\t        \t\t\t\t\t<div class=\"partner\">\n\t\t\t\t\t\t            \t\t<img loading=\"lazy\" decoding=\"async\" width=\"250\" height=\"150\" src=\"https:\/\/demireisen.com.tr\/wp-content\/uploads\/2025\/02\/togg.png\" class=\"img-responsive\" alt=\"\" \/>\t            \t\t\t\t\t<\/div>\n\t\t\t\t\t\t\t\t<div class=\"partner\">\n\t\t\t\t\t\t            \t\t<img loading=\"lazy\" decoding=\"async\" width=\"250\" height=\"150\" src=\"https:\/\/demireisen.com.tr\/wp-content\/uploads\/2025\/02\/gamador.png\" class=\"img-responsive\" alt=\"\" \/>\t            \t\t\t\t\t<\/div>\n\t\t\t\t\t\t\t\t<div class=\"partner\">\n\t\t\t\t\t\t            \t\t<img loading=\"lazy\" decoding=\"async\" width=\"250\" height=\"150\" src=\"https:\/\/demireisen.com.tr\/wp-content\/uploads\/2025\/02\/dikey.png\" class=\"img-responsive\" alt=\"\" \/>\t            \t\t\t\t\t<\/div>\n\t\t\t\t\t\t\t\t<div class=\"partner\">\n\t\t\t\t\t\t            \t\t<img loading=\"lazy\" decoding=\"async\" width=\"250\" height=\"150\" src=\"https:\/\/demireisen.com.tr\/wp-content\/uploads\/2025\/02\/aras.png\" class=\"img-responsive\" alt=\"\" \/>\t            \t\t\t\t\t<\/div>\n\t\t\t\t\t\t\t\t<div class=\"partner\">\n\t\t\t\t\t\t            \t\t<img loading=\"lazy\" decoding=\"async\" width=\"250\" height=\"150\" src=\"https:\/\/demireisen.com.tr\/wp-content\/uploads\/2025\/02\/pelit.png\" class=\"img-responsive\" alt=\"\" \/>\t            \t\t\t\t\t<\/div>\n\t\t\t\t\t\t\t\t<div class=\"partner\">\n\t\t\t\t\t\t            \t\t<img loading=\"lazy\" decoding=\"async\" width=\"250\" height=\"150\" src=\"https:\/\/demireisen.com.tr\/wp-content\/uploads\/2025\/02\/ck.png\" class=\"img-responsive\" alt=\"\" \/>\t            \t\t\t\t\t<\/div>\n\t\t\t\t\t\t\t<\/div>\n\t\t<\/div>\n\t\t<script>\n\t\t\t(function($) { \"use strict\";\t\n\n\t\t\t\t$( \"#partner-69e4fc3f61ffe\" ).owlCarousel({\n    \t\t\t\tautoplay: true,\n\t            \tautoplayTimeout: 6000,\n\t\t            items : 6,\n\t\t            responsiveClass:true,\n\t\t            navigation : false,\n\t\t            pagination : false,\n\t\t            navigationText: [\"\",\"\"],\n\t\t            responsive : {\n\t\t\t            \/\/ breakpoint from 0 up\n\t\t\t            0 : {\n\t\t\t               items:1,\n\t\t\t            },\n\t\t\t            \/\/ breakpoint from 480 up\n\t\t\t            480 : {\n\t\t\t               items:1,\n\t\t\t            },\n\t\t\t            \/\/ breakpoint from 768 up\n\t\t\t            768 : {\n\t\t\t                items:3,\n\t\t\t            },\n\t\t\t            992 : {\n\t\t\t                items:3,\n\t\t\t            },\n\t\t\t            1440 : {\n\t\t\t                items:6 - 1,\n\t\t\t            },\n\t\t\t            1920 : {\n\t\t\t                items:6,\n\t\t\t            }\n\t\t\t        },\n\t\t            \n\t\t        }); \n\n\t\t\t})(jQuery); \n\t\t<\/script>\n\t\n[vc_empty_space height=&#8221;50px&#8221;][\/vc_column][\/vc_row]<\/p>\n<\/div>","protected":false},"excerpt":{"rendered":"<p>[vc_row][vc_column][\/vc_column][\/vc_row][vc_row fullwidth=&#8221;yes&#8221;][vc_column][vc_raw_html css=&#8221;&#8221;]JTNDZGl2JTIwY2xhc3MlM0QlMjJoaXptZXQlMjIlM0UlMEElMjAlMjAlMjAlMjAlM0NkaXYlMjBjbGFzcyUzRCUyMmJveCUyMiUyMHN0eWxlJTNEJTIyYmFja2dyb3VuZC1pbWFnZSUzQSUyMHVybCUyOCUyN2h0dHAlM0ElMkYlMkZ3d3cuZGVtaXJlaXNlbi5jb20udHIlMkZ3cC1jb250ZW50JTJGdXBsb2FkcyUyRjIwMjUlMkYwMiUyRnRhYWhodXQtc2NhbGVkLmpwZyUyNyUyOSUzQiUyMiUzRSUwQSUyMCUyMCUyMCUyMCUyMCUyMCUyMCUyMCUzQ2RpdiUyMGNsYXNzJTNEJTIyb3ZlcmxheSUyMiUzRSUwQSUyMCUyMCUyMCUyMCUyMCUyMCUyMCUyMCUyMCUyMCUyMCUyMCUzQ2ElMjBocmVmJTNEJTIyaHR0cCUzQSUyRiUyRnd3dy5kZW1pcmVpc2VuLmNvbS50ciUyRmVuJTJGdGFhaGh1dCUyRiUyMiUzRSUzQ2gyJTNFQ29uc3RydWN0aW9uJTNDJTJGaDIlM0UlM0MlMkZhJTNFJTBBJTIwJTIwJTIwJTIwJTIwJTIwJTIwJTIwJTIwJTIwJTIwJTIwJTNDYSUyMGhyZWYlM0QlMjJodHRwJTNBJTJGJTJGd3d3LmRlbWlyZWlzZW4uY29tLnRyJTJGZW4lMkZ0YWFoaHV0JTJGJTIyJTIwY2xhc3MlM0QlMjJidXR0b24lMjIlM0UlM0NpJTIwY2xhc3MlM0QlMjJmYS1zb2xpZCUyMGZhLWNoZXZyb24tcmlnaHQlMjIlM0UlM0MlMkZpJTNFJTNDJTJGYSUzRSUwQSUyMCUyMCUyMCUyMCUyMCUyMCUyMCUyMCUzQyUyRmRpdiUzRSUwQSUyMCUyMCUyMCUyMCUzQyUyRmRpdiUzRSUwQSUwOSUzQ2RpdiUyMGNsYXNzJTNEJTIyYm94JTIyJTIwc3R5bGUlM0QlMjJiYWNrZ3JvdW5kLWltYWdlJTNBJTIwdXJsJTI4JTI3aHR0cHMlM0ElMkYlMkZkZW1pcmVpc2VuLmNvbS50ciUyRndwLWNvbnRlbnQlMkZ1cGxvYWRzJTJGMjAyNSUyRjA2JTJGZW5naW5lZXItY2hlY2tpbmctYW5kLWluc3BlY3RpbmctYXQtbWRiLXBhbmVsLXdvcmstMjAyNS0wMy0xNC0xNS0yOC01NC11dGMtc2NhbGVkLmpwZyUyNyUyOSUzQiUyMiUzRSUwQSUyMCUyMCUyMCUyMCUyMCUyMCUyMCUyMCUzQ2RpdiUyMGNsYXNzJTNEJTIyb3ZlcmxheSUyMiUzRSUwQSUyMCUyMCUyMCUyMCUyMCUyMCUyMCUyMCUyMCUyMCUyMCUyMCUzQ2ElMjBocmVmJTNEJTIyaHR0cCUzQSUyRiUyRnd3dy5kZW1pcmVpc2VuLmNvbS50ciUyRmVuJTJGZWxla3RyaWstdGVzaXNhdCUyRiUyMiUzRSUzQ2gyJTNFRWxlY3RyaWNhbCUyMEluc3RhbGxhdGlvbiUzQyUyRmgyJTNFJTNDJTJGYSUzRSUwQSUyMCUyMCUyMCUyMCUyMCUyMCUyMCUyMCUyMCUyMCUyMCUyMCUzQ2ElMjBocmVmJTNEJTIyaHR0cCUzQSUyRiUyRnd3dy5kZW1pcmVpc2VuLmNvbS50ciUyRmVuJTJGZWxla3RyaWstdGVzaXNhdCUyRiUyMiUyMGNsYXNzJTNEJTIyYnV0dG9uJTIyJTNFJTNDaSUyMGNsYXNzJTNEJTIyZmEtc29saWQlMjBmYS1jaGV2cm9uLXJpZ2h0JTIyJTNFJTNDJTJGaSUzRSUzQyUyRmElM0UlMEElMjAlMjAlMjAlMjAlMjAlMjAlMjAlMjAlM0MlMkZkaXYlM0UlMEElMjAlMjAlMjAlMjAlM0MlMkZkaXYlM0UlMEElMDklM0NkaXYlMjBjbGFzcyUzRCUyMmJveCUyMiUyMHN0eWxlJTNEJTIyYmFja2dyb3VuZC1pbWFnZSUzQSUyMHVybCUyOCUyN2h0dHBzJTNBJTJGJTJGZGVtaXJlaXNlbi5jb20udHIlMkZ3cC1jb250ZW50JTJGdXBsb2FkcyUyRjIwMjUlMkYwMiUyRjYtc2NhbGVkLmpwZyUyNyUyOSUzQiUyMiUzRSUwQSUyMCUyMCUyMCUyMCUyMCUyMCUyMCUyMCUzQ2RpdiUyMGNsYXNzJTNEJTIyb3ZlcmxheSUyMiUzRSUwQSUyMCUyMCUyMCUyMCUyMCUyMCUyMCUyMCUyMCUyMCUyMCUyMCUzQ2ElMjBocmVmJTNEJTIyaHR0cCUzQSUyRiUyRnd3dy5kZW1pcmVpc2VuLmNvbS50ciUyRmVuJTJGbWVrYW5pay10ZXNpc2F0JTJGJTIyJTNFJTNDaDIlM0VNZWNoYW5pY2FsJTIwSW5zdGFsbGF0aW9uJTNDJTJGaDIlM0UlM0MlMkZhJTNFJTBBJTIwJTIwJTIwJTIwJTIwJTIwJTIwJTIwJTIwJTIwJTIwJTIwJTNDYSUyMGhyZWYlM0QlMjJodHRwJTNBJTJGJTJGd3d3LmRlbWlyZWlzZW4uY29tLnRyJTJGZW4lMkZtZWthbmlrLXRlc2lzYXQlMkYlMjIlMjBjbGFzcyUzRCUyMmJ1dHRvbiUyMiUzRSUzQ2klMjBjbGFzcyUzRCUyMmZhLXNvbGlkJTIwZmEtY2hldnJvbi1yaWdodCUyMiUzRSUzQyUyRmklM0UlM0MlMkZhJTNFJTBBJTIwJTIwJTIwJTIwJTIwJTIwJTIwJTIwJTNDJTJGZGl2JTNFJTBBJTIwJTIwJTIwJTIwJTNDJTJGZGl2JTNFJTBBJTA5JTBBJTA5JTBBJTNDJTJGZGl2JTNF[\/vc_raw_html][\/vc_column][\/vc_row][vc_row css=&#8221;.vc_custom_1739258866517{margin-top: 0px !important;margin-bottom: 0px !important;background-position: center !important;background-repeat: no-repeat !important;background-size: cover !important;}&#8221;][vc_column][\/vc_column][\/vc_row][vc_row css=&#8221;.vc_custom_1737793717896{margin-top: 50px !important;}&#8221;][vc_column width=&#8221;1\/2&#8243;][vc_row_inner css=&#8221;.vc_custom_1737793701679{margin-top: 20px !important;}&#8221;][vc_column_inner][\/vc_column_inner][\/vc_row_inner][\/vc_column][vc_column width=&#8221;1\/2&#8243; css=&#8221;.vc_custom_1737793697288{margin-top: 20px !important;}&#8221;][vc_single_image image=&#8221;2194&#8243; img_size=&#8221;500&#215;900&#8243; alignment=&#8221;center&#8221; css=&#8221;&#8221;][\/vc_column][\/vc_row][vc_row css_animation=&#8221;bounceIn&#8221; fullwidth=&#8221;yes&#8221; parallax_bg=&#8221;true&#8221; css=&#8221;.vc_custom_1739211694308{padding-top: 80px !important;padding-bottom: 80px !important;}&#8221; el_class=&#8221;text-center&#8221;][vc_column el_class=&#8221;ana-port&#8221;][vc_empty_space height=&#8221;43px&#8221;][vc_column_text css=&#8221;.vc_custom_1739213402489{margin-right: 20px !important;margin-bottom: 0px !important;margin-left: 20px !important;}&#8221;][\/vc_column_text][\/vc_column][\/vc_row][vc_row css=&#8221;.vc_custom_1739391381798{padding-top: 80px !important;padding-bottom: 80px !important;background-position: center !important;background-repeat: no-repeat [&hellip;]<\/p>\n","protected":false},"author":1,"featured_media":0,"parent":0,"menu_order":0,"comment_status":"closed","ping_status":"closed","template":"page-templates\/template-trans.php","meta":{"footnotes":""},"class_list":["post-813","page","type-page","status-publish","hentry"],"_links":{"self":[{"href":"https:\/\/demireisen.com.tr\/en\/wp-json\/wp\/v2\/pages\/813","targetHints":{"allow":["GET"]}}],"collection":[{"href":"https:\/\/demireisen.com.tr\/en\/wp-json\/wp\/v2\/pages"}],"about":[{"href":"https:\/\/demireisen.com.tr\/en\/wp-json\/wp\/v2\/types\/page"}],"author":[{"embeddable":true,"href":"https:\/\/demireisen.com.tr\/en\/wp-json\/wp\/v2\/users\/1"}],"replies":[{"embeddable":true,"href":"https:\/\/demireisen.com.tr\/en\/wp-json\/wp\/v2\/comments?post=813"}],"version-history":[{"count":429,"href":"https:\/\/demireisen.com.tr\/en\/wp-json\/wp\/v2\/pages\/813\/revisions"}],"predecessor-version":[{"id":2198,"href":"https:\/\/demireisen.com.tr\/en\/wp-json\/wp\/v2\/pages\/813\/revisions\/2198"}],"wp:attachment":[{"href":"https:\/\/demireisen.com.tr\/en\/wp-json\/wp\/v2\/media?parent=813"}],"curies":[{"name":"wp","href":"https:\/\/api.w.org\/{rel}","templated":true}]}}