{"id":1478,"date":"2025-02-02T15:46:28","date_gmt":"2025-02-02T15:46:28","guid":{"rendered":"https:\/\/demireisen.com.tr\/?page_id=1478"},"modified":"2025-02-09T08:18:38","modified_gmt":"2025-02-09T08:18:38","slug":"basvuru","status":"publish","type":"page","link":"https:\/\/demireisen.com.tr\/ru\/basvuru\/","title":{"rendered":"Ba\u015fvuru"},"content":{"rendered":"<div class=\"wpb-content-wrapper\"><p>[vc_row parallax_bg=&#187;true&#187; css=&#187;.vc_custom_1738511181249{padding-top: 200px !important;padding-bottom: 200px !important;background-image: url(https:\/\/demireisen.com.tr\/wp-content\/uploads\/2025\/02\/ik2-scaled.jpg?id=1479) !important;background-position: center !important;background-repeat: no-repeat !important;background-size: cover !important;}&#187;][vc_column el_class=&#187;baslik&#187;][vc_column_text css=&#187;&#187;]BA\u015eVURU[\/vc_column_text][\/vc_column][\/vc_row][vc_row css=&#187;.vc_custom_1738504828024{margin-top: 50px !important;margin-bottom: 20px !important;}&#187;][vc_column][vc_column_text css=&#187;.vc_custom_1739088014774{margin-bottom: 0px !important;}&#187;]\u0130\u015f ba\u015fvurusu yapmak i\u00e7in l\u00fctfen formu eksiksiz doldurunuz.<\/p>\n<p>Cv&#8217;niz yok ise do\u011frudan form doldurmak i\u00e7in <span style=\"color: #ff0000;\"><a style=\"color: #ff0000;\" href=\"https:\/\/demireisen.com.tr\/basvuru-form\">ba\u011flant\u0131ya<\/a><\/span> t\u0131klay\u0131n\u0131z.[\/vc_column_text][\/vc_column][\/vc_row][vc_row][vc_column][vc_column_text css=&#187;&#187;]<div class=\"forminator-ui forminator-custom-form forminator-custom-form-1627 forminator-design--default  forminator_ajax\" data-forminator-render=\"0\" data-form=\"forminator-module-1627\" data-uid=\"69e021f108006\"><br\/><\/div><form\n\t\t\t\tid=\"forminator-module-1627\"\n\t\t\t\tclass=\"forminator-ui forminator-custom-form forminator-custom-form-1627 forminator-design--default  forminator_ajax\"\n\t\t\t\tmethod=\"post\"\n\t\t\t\tdata-forminator-render=\"0\"\n\t\t\t\tdata-form-id=\"1627\"\n\t\t\t\t\n\t\t\t\tdata-design=\"default\"\n\t\t\t\tdata-color-option=\"theme\"\n\t\t\t\t\n\t\t\t\t\n\t\t\t\t\n\t\t\t\tdata-grid=\"open\"\n\t\t\t\tenctype=\"multipart\/form-data\"\n\t\t\t\t\n\t\t\t\tstyle=\"display: none;\"\n\t\t\t\t\n\t\t\t\tdata-uid=\"69e021f108006\"\n\t\t\t><div role=\"alert\" aria-live=\"polite\" class=\"forminator-response-message forminator-error\" aria-hidden=\"true\"><\/div><div class=\"forminator-row\"><div id=\"name-1\" class=\"forminator-field-name forminator-col forminator-col-12 \"><div class=\"forminator-row forminator-no-margin\" data-multiple=\"true\"><div class=\"forminator-col forminator-col-md-6\"><div class=\"forminator-field\"><label for=\"forminator-field-first-name-1_69e021f108006\" id=\"forminator-field-first-name-1_69e021f108006-label\" class=\"forminator-label\">\u0130sim<\/label><input type=\"text\" name=\"name-1-first-name\" placeholder=\"\u0130sim\" id=\"forminator-field-first-name-1_69e021f108006\" class=\"forminator-input\" aria-required=\"false\" data-multi=\"1\" value=\"\" \/><\/div><\/div><div class=\"forminator-col forminator-col-md-6\"><div class=\"forminator-field\"><label for=\"forminator-field-last-name-1_69e021f108006\" id=\"forminator-field-last-name-1_69e021f108006-label\" class=\"forminator-label\">Soyisim<\/label><input type=\"text\" name=\"name-1-last-name\" placeholder=\"Soyisim\" id=\"forminator-field-last-name-1_69e021f108006\" class=\"forminator-input\" aria-required=\"false\" data-multi=\"1\" value=\"\" \/><\/div><\/div><\/div><\/div><\/div><div class=\"forminator-row\"><div id=\"email-1\" class=\"forminator-field-email forminator-col forminator-col-12 \"><div class=\"forminator-field\"><label for=\"forminator-field-email-1_69e021f108006\" id=\"forminator-field-email-1_69e021f108006-label\" class=\"forminator-label\">E-posta Adresi<\/label><input type=\"email\" name=\"email-1\" value=\"\" placeholder=\"E-mail Adresi\" id=\"forminator-field-email-1_69e021f108006\" class=\"forminator-input forminator-email--field\" data-required=\"\" aria-required=\"false\" \/><\/div><\/div><\/div><div class=\"forminator-row\"><div id=\"phone-1\" class=\"forminator-field-phone forminator-col forminator-col-12 \"><div class=\"forminator-field\"><label for=\"forminator-field-phone-1_69e021f108006\" id=\"forminator-field-phone-1_69e021f108006-label\" class=\"forminator-label\">Telefon<\/label><input type=\"text\" name=\"phone-1\" value=\"\" placeholder=\"Telefon\" id=\"forminator-field-phone-1_69e021f108006\" class=\"forminator-input forminator-field--phone\" data-required=\"\" aria-required=\"false\" autocomplete=\"off\" \/><\/div><\/div><\/div><div class=\"forminator-row\"><div id=\"upload-1\" class=\"forminator-field-upload forminator-col forminator-col-12 \"><div class=\"forminator-field\"><label for=\"forminator-field-upload-1_69e021f108006\" id=\"forminator-field-upload-1_69e021f108006-label\" class=\"forminator-label\">Dosya y\u00fckle<\/label><div class=\"forminator-file-upload \" data-element=\"upload-1_69e021f108006\" aria-describedby=\"forminator-field-upload-1_69e021f108006-description\"><input type=\"file\" name=\"upload-1\" id=\"forminator-field-upload-1_69e021f108006\" class=\"forminator-input-file\" accept=\".avif,.heif,.heics,.heifs,.otf,.ttf,.woff,.woff2,.doc,.docx,.pdf\" tabindex=\"-1\"><button id=\"forminator-field-upload-1_69e021f108006_button\" class=\"forminator-button forminator-button-upload\" data-id=\"forminator-field-upload-1_69e021f108006\">\u0412\u044b\u0431\u0440\u0430\u0442\u044c \u0444\u0430\u0439\u043b<\/button><span data-empty-text=\"\u0424\u0430\u0439\u043b \u043d\u0435 \u0432\u044b\u0431\u0440\u0430\u043d\">\u0424\u0430\u0439\u043b \u043d\u0435 \u0432\u044b\u0431\u0440\u0430\u043d<\/span><button class=\"forminator-button-delete\" style=\"display: none;\"><i class=\"forminator-icon-close\" aria-hidden=\"true\"><\/i><span class=\"forminator-screen-reader-only\">\u0423\u0434\u0430\u043b\u0438\u0442\u044c \u0437\u0430\u0433\u0440\u0443\u0436\u0435\u043d\u043d\u044b\u0439 \u0444\u0430\u0439\u043b<\/span><\/button><\/div><span id=\"forminator-field-upload-1_69e021f108006-description\" class=\"forminator-description\">word \/ pdf t\u00fcr\u00fcnde dosya ekleyiniz.<\/span><\/div><\/div><\/div><input type=\"hidden\" name=\"referer_url\" value=\"\" \/><div class=\"forminator-row forminator-row-last\"><div class=\"forminator-col\"><div class=\"forminator-field\"><button class=\"forminator-button forminator-button-submit\">G&ouml;nder<\/button><\/div><\/div><\/div><input type=\"hidden\" id=\"forminator_nonce\" name=\"forminator_nonce\" value=\"3967e6fc84\" \/><input type=\"hidden\" name=\"_wp_http_referer\" value=\"\/ru\/wp-json\/wp\/v2\/pages\/1478\" \/><input type=\"hidden\" name=\"form_id\" value=\"1627\"><input type=\"hidden\" name=\"page_id\" value=\"1478\"><input type=\"hidden\" name=\"form_type\" value=\"default\"><input type=\"hidden\" name=\"current_url\" value=\"https:\/\/demireisen.com.tr\/ru\/basvuru\/\"><input type=\"hidden\" name=\"render_id\" value=\"0\"><input type=\"hidden\" name=\"action\" value=\"forminator_submit_form_custom-forms\"><\/form>[\/vc_column_text][\/vc_column][\/vc_row]<\/p>\n<\/div>","protected":false},"excerpt":{"rendered":"<p>[vc_row parallax_bg=&#187;true&#187; css=&#187;.vc_custom_1738511181249{padding-top: 200px !important;padding-bottom: 200px !important;background-image: url(https:\/\/demireisen.com.tr\/wp-content\/uploads\/2025\/02\/ik2-scaled.jpg?id=1479) !important;background-position: center !important;background-repeat: no-repeat !important;background-size: cover !important;}&#187;][vc_column el_class=&#187;baslik&#187;][vc_column_text css=&#187;&#187;]BA\u015eVURU[\/vc_column_text][\/vc_column][\/vc_row][vc_row css=&#187;.vc_custom_1738504828024{margin-top: 50px !important;margin-bottom: 20px !important;}&#187;][vc_column][vc_column_text css=&#187;.vc_custom_1739088014774{margin-bottom: 0px !important;}&#187;]\u0130\u015f ba\u015fvurusu yapmak i\u00e7in l\u00fctfen formu eksiksiz doldurunuz. Cv&#8217;niz yok ise do\u011frudan form doldurmak i\u00e7in ba\u011flant\u0131ya t\u0131klay\u0131n\u0131z.[\/vc_column_text][\/vc_column][\/vc_row][vc_row][vc_column][vc_column_text css=&#187;&#187;][\/vc_column_text][\/vc_column][\/vc_row]<\/p>\n","protected":false},"author":1,"featured_media":0,"parent":0,"menu_order":0,"comment_status":"closed","ping_status":"closed","template":"page-templates\/template-fullwidth.php","meta":{"footnotes":""},"class_list":["post-1478","page","type-page","status-publish","hentry"],"_links":{"self":[{"href":"https:\/\/demireisen.com.tr\/ru\/wp-json\/wp\/v2\/pages\/1478","targetHints":{"allow":["GET"]}}],"collection":[{"href":"https:\/\/demireisen.com.tr\/ru\/wp-json\/wp\/v2\/pages"}],"about":[{"href":"https:\/\/demireisen.com.tr\/ru\/wp-json\/wp\/v2\/types\/page"}],"author":[{"embeddable":true,"href":"https:\/\/demireisen.com.tr\/ru\/wp-json\/wp\/v2\/users\/1"}],"replies":[{"embeddable":true,"href":"https:\/\/demireisen.com.tr\/ru\/wp-json\/wp\/v2\/comments?post=1478"}],"version-history":[{"count":7,"href":"https:\/\/demireisen.com.tr\/ru\/wp-json\/wp\/v2\/pages\/1478\/revisions"}],"predecessor-version":[{"id":1628,"href":"https:\/\/demireisen.com.tr\/ru\/wp-json\/wp\/v2\/pages\/1478\/revisions\/1628"}],"wp:attachment":[{"href":"https:\/\/demireisen.com.tr\/ru\/wp-json\/wp\/v2\/media?parent=1478"}],"curies":[{"name":"wp","href":"https:\/\/api.w.org\/{rel}","templated":true}]}}