{"id":610,"date":"2017-06-12T06:58:50","date_gmt":"2017-06-12T06:58:50","guid":{"rendered":"http:\/\/localhost\/construct\/?page_id=610"},"modified":"2025-03-22T13:48:09","modified_gmt":"2025-03-22T13:48:09","slug":"projeler","status":"publish","type":"page","link":"https:\/\/demireisen.com.tr\/ru\/projeler\/","title":{"rendered":"\u041f\u0440\u043e\u0435\u043a\u0442\u044b"},"content":{"rendered":"<div class=\"latest-projects\"><div class=\"project-item\"><a href=\"https:\/\/demireisen.com.tr\/ru\/proje\/forum-istanbul-avm\/\"><div class=\"project-image\"><img loading=\"lazy\" decoding=\"async\" width=\"300\" height=\"177\" src=\"https:\/\/demireisen.com.tr\/wp-content\/uploads\/2025\/12\/Ekran-goruntusu-2025-12-04-124448-300x177.png\" class=\"attachment-medium size-medium wp-post-image\" alt=\"\" srcset=\"https:\/\/demireisen.com.tr\/wp-content\/uploads\/2025\/12\/Ekran-goruntusu-2025-12-04-124448-300x177.png 300w, https:\/\/demireisen.com.tr\/wp-content\/uploads\/2025\/12\/Ekran-goruntusu-2025-12-04-124448-1024x605.png 1024w, https:\/\/demireisen.com.tr\/wp-content\/uploads\/2025\/12\/Ekran-goruntusu-2025-12-04-124448-768x453.png 768w, https:\/\/demireisen.com.tr\/wp-content\/uploads\/2025\/12\/Ekran-goruntusu-2025-12-04-124448.png 1472w\" sizes=\"auto, (max-width: 300px) 100vw, 300px\" \/><\/div><p class=\"project-location\">\u0130stanbul<\/p><h3 class=\"project-title\">Forum \u0130stanbul AVM<\/h3><hr class=\"project-divider\"><p class=\"project-category\">Mekanik Tesisat<\/p><\/a><\/div><div class=\"project-item\"><a href=\"https:\/\/demireisen.com.tr\/ru\/proje\/tem-avrupa-konutlari\/\"><div class=\"project-image\"><img loading=\"lazy\" decoding=\"async\" width=\"300\" height=\"200\" src=\"https:\/\/demireisen.com.tr\/wp-content\/uploads\/2025\/12\/8c0586db-c8fe-457a-9db9-2d3ef6fa6bb0-300x200.png\" class=\"attachment-medium size-medium wp-post-image\" alt=\"\" srcset=\"https:\/\/demireisen.com.tr\/wp-content\/uploads\/2025\/12\/8c0586db-c8fe-457a-9db9-2d3ef6fa6bb0-300x200.png 300w, https:\/\/demireisen.com.tr\/wp-content\/uploads\/2025\/12\/8c0586db-c8fe-457a-9db9-2d3ef6fa6bb0-1024x683.png 1024w, https:\/\/demireisen.com.tr\/wp-content\/uploads\/2025\/12\/8c0586db-c8fe-457a-9db9-2d3ef6fa6bb0-768x512.png 768w, https:\/\/demireisen.com.tr\/wp-content\/uploads\/2025\/12\/8c0586db-c8fe-457a-9db9-2d3ef6fa6bb0.png 1200w\" sizes=\"auto, (max-width: 300px) 100vw, 300px\" \/><\/div><p class=\"project-location\">\u0130stanbul<\/p><h3 class=\"project-title\">Tem Avrupa Konutlar\u0131<\/h3><hr class=\"project-divider\"><p class=\"project-category\">Mekanik Tesisat<\/p><\/a><\/div><div class=\"project-item\"><a href=\"https:\/\/demireisen.com.tr\/ru\/proje\/hayat-sebla-evleri\/\"><div class=\"project-image\"><img loading=\"lazy\" decoding=\"async\" width=\"300\" height=\"200\" src=\"https:\/\/demireisen.com.tr\/wp-content\/uploads\/2025\/12\/wmremove-transformed-300x200.jpeg\" class=\"attachment-medium size-medium wp-post-image\" alt=\"\" srcset=\"https:\/\/demireisen.com.tr\/wp-content\/uploads\/2025\/12\/wmremove-transformed-300x200.jpeg 300w, https:\/\/demireisen.com.tr\/wp-content\/uploads\/2025\/12\/wmremove-transformed-1024x682.jpeg 1024w, https:\/\/demireisen.com.tr\/wp-content\/uploads\/2025\/12\/wmremove-transformed-768x512.jpeg 768w, https:\/\/demireisen.com.tr\/wp-content\/uploads\/2025\/12\/wmremove-transformed-1536x1023.jpeg 1536w, https:\/\/demireisen.com.tr\/wp-content\/uploads\/2025\/12\/wmremove-transformed.jpeg 1600w\" sizes=\"auto, (max-width: 300px) 100vw, 300px\" \/><\/div><p class=\"project-location\">Ankara<\/p><h3 class=\"project-title\">Hayat Sebla Evleri<\/h3><hr class=\"project-divider\"><p class=\"project-category\">Mekanik Tesisat<\/p><\/a><\/div><div class=\"project-item\"><a href=\"https:\/\/demireisen.com.tr\/ru\/proje\/nata-vega-konut-kuleleri\/\"><div class=\"project-image\"><img loading=\"lazy\" decoding=\"async\" width=\"300\" height=\"208\" src=\"https:\/\/demireisen.com.tr\/wp-content\/uploads\/2025\/12\/3-300x208.jpg\" class=\"attachment-medium size-medium wp-post-image\" alt=\"\" srcset=\"https:\/\/demireisen.com.tr\/wp-content\/uploads\/2025\/12\/3-300x208.jpg 300w, https:\/\/demireisen.com.tr\/wp-content\/uploads\/2025\/12\/3-1024x711.jpg 1024w, https:\/\/demireisen.com.tr\/wp-content\/uploads\/2025\/12\/3-768x533.jpg 768w, https:\/\/demireisen.com.tr\/wp-content\/uploads\/2025\/12\/3.jpg 1464w\" sizes=\"auto, (max-width: 300px) 100vw, 300px\" \/><\/div><p class=\"project-location\">Ankara<\/p><h3 class=\"project-title\">Nata Vega Konut Kuleleri<\/h3><hr class=\"project-divider\"><p class=\"project-category\">Mekanik Tesisat<\/p><\/a><\/div><div class=\"project-item\"><a href=\"https:\/\/demireisen.com.tr\/ru\/proje\/kose-ivedik-ofis-ve-ticaret-alani\/\"><div class=\"project-image\"><img loading=\"lazy\" decoding=\"async\" width=\"300\" height=\"169\" src=\"https:\/\/demireisen.com.tr\/wp-content\/uploads\/2025\/06\/Kose-ivedik-04-scaled-1-300x169.jpg\" class=\"attachment-medium size-medium wp-post-image\" alt=\"\" srcset=\"https:\/\/demireisen.com.tr\/wp-content\/uploads\/2025\/06\/Kose-ivedik-04-scaled-1-300x169.jpg 300w, https:\/\/demireisen.com.tr\/wp-content\/uploads\/2025\/06\/Kose-ivedik-04-scaled-1-1024x576.jpg 1024w, https:\/\/demireisen.com.tr\/wp-content\/uploads\/2025\/06\/Kose-ivedik-04-scaled-1-768x432.jpg 768w, https:\/\/demireisen.com.tr\/wp-content\/uploads\/2025\/06\/Kose-ivedik-04-scaled-1-1536x865.jpg 1536w, https:\/\/demireisen.com.tr\/wp-content\/uploads\/2025\/06\/Kose-ivedik-04-scaled-1-2048x1153.jpg 2048w\" sizes=\"auto, (max-width: 300px) 100vw, 300px\" \/><\/div><p class=\"project-location\">Ankara<\/p><h3 class=\"project-title\">K\u00f6\u015fe \u0130vedik Ofis ve Ticaret Alan\u0131<\/h3><hr class=\"project-divider\"><p class=\"project-category\">Mekanik Tesisat<\/p><\/a><\/div><div class=\"project-item\"><a href=\"https:\/\/demireisen.com.tr\/ru\/proje\/uraysim-projesi\/\"><div class=\"project-image\"><img loading=\"lazy\" decoding=\"async\" width=\"300\" height=\"181\" src=\"https:\/\/demireisen.com.tr\/wp-content\/uploads\/2025\/06\/uraysim1-300x181.jpg\" class=\"attachment-medium size-medium wp-post-image\" alt=\"\" srcset=\"https:\/\/demireisen.com.tr\/wp-content\/uploads\/2025\/06\/uraysim1-300x181.jpg 300w, https:\/\/demireisen.com.tr\/wp-content\/uploads\/2025\/06\/uraysim1-1024x619.jpg 1024w, https:\/\/demireisen.com.tr\/wp-content\/uploads\/2025\/06\/uraysim1-768x464.jpg 768w, https:\/\/demireisen.com.tr\/wp-content\/uploads\/2025\/06\/uraysim1.jpg 1194w\" sizes=\"auto, (max-width: 300px) 100vw, 300px\" \/><\/div><p class=\"project-location\">Eski\u015fehir<\/p><h3 class=\"project-title\">Uraysim Projesi<\/h3><hr class=\"project-divider\"><p class=\"project-category\"><\/p><\/a><\/div><div class=\"project-item\"><a href=\"https:\/\/demireisen.com.tr\/ru\/proje\/sante-park-avm\/\"><div class=\"project-image\"><img loading=\"lazy\" decoding=\"async\" width=\"300\" height=\"169\" src=\"https:\/\/demireisen.com.tr\/wp-content\/uploads\/2025\/06\/sante1-300x169.jpg\" class=\"attachment-medium size-medium wp-post-image\" alt=\"\" srcset=\"https:\/\/demireisen.com.tr\/wp-content\/uploads\/2025\/06\/sante1-300x169.jpg 300w, https:\/\/demireisen.com.tr\/wp-content\/uploads\/2025\/06\/sante1-1024x576.jpg 1024w, https:\/\/demireisen.com.tr\/wp-content\/uploads\/2025\/06\/sante1-768x432.jpg 768w, https:\/\/demireisen.com.tr\/wp-content\/uploads\/2025\/06\/sante1-1536x864.jpg 1536w, https:\/\/demireisen.com.tr\/wp-content\/uploads\/2025\/06\/sante1.jpg 1600w\" sizes=\"auto, (max-width: 300px) 100vw, 300px\" \/><\/div><p class=\"project-location\">Ankara<\/p><h3 class=\"project-title\">Sante Park Avm<\/h3><hr class=\"project-divider\"><p class=\"project-category\">Mekanik Tesisat<\/p><\/a><\/div><div class=\"project-item\"><a href=\"https:\/\/demireisen.com.tr\/ru\/proje\/aksaray-200-yatakli-devlet-hastanesi\/\"><div class=\"project-image\"><img loading=\"lazy\" decoding=\"async\" width=\"300\" height=\"200\" src=\"https:\/\/demireisen.com.tr\/wp-content\/uploads\/2025\/06\/aksaray1-300x200.jpg\" class=\"attachment-medium size-medium wp-post-image\" alt=\"\" srcset=\"https:\/\/demireisen.com.tr\/wp-content\/uploads\/2025\/06\/aksaray1-300x200.jpg 300w, https:\/\/demireisen.com.tr\/wp-content\/uploads\/2025\/06\/aksaray1-768x512.jpg 768w, https:\/\/demireisen.com.tr\/wp-content\/uploads\/2025\/06\/aksaray1.jpg 1000w\" sizes=\"auto, (max-width: 300px) 100vw, 300px\" \/><\/div><p class=\"project-location\">Aksaray<\/p><h3 class=\"project-title\">Aksaray 400 Yatakl\u0131 Devlet Hastanesi<\/h3><hr class=\"project-divider\"><p class=\"project-category\">Mekanik Tesisat<\/p><\/a><\/div><div class=\"project-item\"><a href=\"https:\/\/demireisen.com.tr\/ru\/proje\/tev-binasi\/\"><div class=\"project-image\"><img loading=\"lazy\" decoding=\"async\" width=\"300\" height=\"270\" src=\"https:\/\/demireisen.com.tr\/wp-content\/uploads\/2025\/06\/tev-300x270.jpeg\" class=\"attachment-medium size-medium wp-post-image\" alt=\"\" srcset=\"https:\/\/demireisen.com.tr\/wp-content\/uploads\/2025\/06\/tev-300x270.jpeg 300w, https:\/\/demireisen.com.tr\/wp-content\/uploads\/2025\/06\/tev-1024x922.jpeg 1024w, https:\/\/demireisen.com.tr\/wp-content\/uploads\/2025\/06\/tev-768x691.jpeg 768w, https:\/\/demireisen.com.tr\/wp-content\/uploads\/2025\/06\/tev-1536x1382.jpeg 1536w, https:\/\/demireisen.com.tr\/wp-content\/uploads\/2025\/06\/tev.jpeg 2000w\" sizes=\"auto, (max-width: 300px) 100vw, 300px\" \/><\/div><p class=\"project-location\">Ankara<\/p><h3 class=\"project-title\">Tev Binas\u0131<\/h3><hr class=\"project-divider\"><p class=\"project-category\">Mekanik Tesisat<\/p><\/a><\/div><div class=\"project-item\"><a href=\"https:\/\/demireisen.com.tr\/ru\/proje\/bayburt-200-yatakli-devlet-hastanesi\/\"><div class=\"project-image\"><img loading=\"lazy\" decoding=\"async\" width=\"300\" height=\"225\" src=\"https:\/\/demireisen.com.tr\/wp-content\/uploads\/2025\/06\/bayburt1-300x225.jpg\" class=\"attachment-medium size-medium wp-post-image\" alt=\"\" srcset=\"https:\/\/demireisen.com.tr\/wp-content\/uploads\/2025\/06\/bayburt1-300x225.jpg 300w, https:\/\/demireisen.com.tr\/wp-content\/uploads\/2025\/06\/bayburt1-768x575.jpg 768w, https:\/\/demireisen.com.tr\/wp-content\/uploads\/2025\/06\/bayburt1.jpg 1000w\" sizes=\"auto, (max-width: 300px) 100vw, 300px\" \/><\/div><p class=\"project-location\">Bayrburt<\/p><h3 class=\"project-title\">Bayburt 200 Yatakl\u0131 Devlet Hastanesi<\/h3><hr class=\"project-divider\"><p class=\"project-category\">Mekanik Tesisat<\/p><\/a><\/div><div class=\"project-item\"><a href=\"https:\/\/demireisen.com.tr\/ru\/proje\/malatya-turgut-ozal-universitesi-egt-gtt-eyt-binalari\/\"><div class=\"project-image\"><img loading=\"lazy\" decoding=\"async\" width=\"300\" height=\"169\" src=\"https:\/\/demireisen.com.tr\/wp-content\/uploads\/2025\/06\/malatya1-300x169.jpg\" class=\"attachment-medium size-medium wp-post-image\" alt=\"\" srcset=\"https:\/\/demireisen.com.tr\/wp-content\/uploads\/2025\/06\/malatya1-300x169.jpg 300w, https:\/\/demireisen.com.tr\/wp-content\/uploads\/2025\/06\/malatya1-1024x576.jpg 1024w, https:\/\/demireisen.com.tr\/wp-content\/uploads\/2025\/06\/malatya1-768x432.jpg 768w, https:\/\/demireisen.com.tr\/wp-content\/uploads\/2025\/06\/malatya1-1536x864.jpg 1536w, https:\/\/demireisen.com.tr\/wp-content\/uploads\/2025\/06\/malatya1.jpg 2000w\" sizes=\"auto, (max-width: 300px) 100vw, 300px\" \/><\/div><p class=\"project-location\">Malatya<\/p><h3 class=\"project-title\">Malatya Turgut \u00d6zal \u00dcniversitesi EGT-GTT-EYT Binalar\u0131<\/h3><hr class=\"project-divider\"><p class=\"project-category\">Mekanik Tesisat<\/p><\/a><\/div><div class=\"project-item\"><a href=\"https:\/\/demireisen.com.tr\/ru\/proje\/erzincan-stadyumu\/\"><div class=\"project-image\"><img loading=\"lazy\" decoding=\"async\" width=\"300\" height=\"225\" src=\"https:\/\/demireisen.com.tr\/wp-content\/uploads\/2025\/06\/erzincan4-300x225.jpg\" class=\"attachment-medium size-medium wp-post-image\" alt=\"\" srcset=\"https:\/\/demireisen.com.tr\/wp-content\/uploads\/2025\/06\/erzincan4-300x225.jpg 300w, https:\/\/demireisen.com.tr\/wp-content\/uploads\/2025\/06\/erzincan4-768x576.jpg 768w, https:\/\/demireisen.com.tr\/wp-content\/uploads\/2025\/06\/erzincan4.jpg 1024w\" sizes=\"auto, (max-width: 300px) 100vw, 300px\" \/><\/div><p class=\"project-location\">Erzincan<\/p><h3 class=\"project-title\">Erzincan Stadyumu<\/h3><hr class=\"project-divider\"><p class=\"project-category\">Mekanik Tesisat<\/p><\/a><\/div><div class=\"project-item\"><a href=\"https:\/\/demireisen.com.tr\/ru\/proje\/aksaray-400-yatakli-devlet-hastanesi\/\"><div class=\"project-image\"><img loading=\"lazy\" decoding=\"async\" width=\"300\" height=\"200\" src=\"https:\/\/demireisen.com.tr\/wp-content\/uploads\/2025\/06\/aksarayhastane1-300x200.jpg\" class=\"attachment-medium size-medium wp-post-image\" alt=\"\" srcset=\"https:\/\/demireisen.com.tr\/wp-content\/uploads\/2025\/06\/aksarayhastane1-300x200.jpg 300w, https:\/\/demireisen.com.tr\/wp-content\/uploads\/2025\/06\/aksarayhastane1-768x512.jpg 768w, https:\/\/demireisen.com.tr\/wp-content\/uploads\/2025\/06\/aksarayhastane1.jpg 1000w\" sizes=\"auto, (max-width: 300px) 100vw, 300px\" \/><\/div><p class=\"project-location\">Aksaray<\/p><h3 class=\"project-title\">Aksaray 200 Yatakl\u0131 Devlet Hastanesi<\/h3><hr class=\"project-divider\"><p class=\"project-category\">Mekanik Tesisat<\/p><\/a><\/div><div class=\"project-item\"><a href=\"https:\/\/demireisen.com.tr\/ru\/proje\/etimesgut-250-yatakli-devlet-hastanesi\/\"><div class=\"project-image\"><img loading=\"lazy\" decoding=\"async\" width=\"300\" height=\"138\" src=\"https:\/\/demireisen.com.tr\/wp-content\/uploads\/2025\/06\/etimesgut1-300x138.jpg\" class=\"attachment-medium size-medium wp-post-image\" alt=\"\" srcset=\"https:\/\/demireisen.com.tr\/wp-content\/uploads\/2025\/06\/etimesgut1-300x138.jpg 300w, https:\/\/demireisen.com.tr\/wp-content\/uploads\/2025\/06\/etimesgut1-768x354.jpg 768w, https:\/\/demireisen.com.tr\/wp-content\/uploads\/2025\/06\/etimesgut1.jpg 1000w\" sizes=\"auto, (max-width: 300px) 100vw, 300px\" \/><\/div><p class=\"project-location\">Ankara<\/p><h3 class=\"project-title\">Etimesgut 250 Yatakl\u0131 Devlet Hastanesi<\/h3><hr class=\"project-divider\"><p class=\"project-category\">Mekanik Tesisat<\/p><\/a><\/div><div class=\"project-item\"><a href=\"https:\/\/demireisen.com.tr\/ru\/proje\/sivas-susehri-75-yatakli-devlet-hastanesi\/\"><div class=\"project-image\"><img loading=\"lazy\" decoding=\"async\" width=\"300\" height=\"200\" src=\"https:\/\/demireisen.com.tr\/wp-content\/uploads\/2025\/06\/sivas1-300x200.jpg\" class=\"attachment-medium size-medium wp-post-image\" alt=\"\" srcset=\"https:\/\/demireisen.com.tr\/wp-content\/uploads\/2025\/06\/sivas1-300x200.jpg 300w, https:\/\/demireisen.com.tr\/wp-content\/uploads\/2025\/06\/sivas1-1024x683.jpg 1024w, https:\/\/demireisen.com.tr\/wp-content\/uploads\/2025\/06\/sivas1-768x512.jpg 768w, https:\/\/demireisen.com.tr\/wp-content\/uploads\/2025\/06\/sivas1.jpg 1368w\" sizes=\"auto, (max-width: 300px) 100vw, 300px\" \/><\/div><p class=\"project-location\">Sivas<\/p><h3 class=\"project-title\">Sivas Su\u015fehri 75 Yatakl\u0131 Devlet Hastanesi<\/h3><hr class=\"project-divider\"><p class=\"project-category\">Mekanik Tesisat<\/p><\/a><\/div><div class=\"project-item\"><a href=\"https:\/\/demireisen.com.tr\/ru\/proje\/libya-buyukelcilik-binasi\/\"><div class=\"project-image\"><img loading=\"lazy\" decoding=\"async\" width=\"300\" height=\"186\" src=\"https:\/\/demireisen.com.tr\/wp-content\/uploads\/2025\/06\/libya-1-300x186.png\" class=\"attachment-medium size-medium wp-post-image\" alt=\"\" srcset=\"https:\/\/demireisen.com.tr\/wp-content\/uploads\/2025\/06\/libya-1-300x186.png 300w, https:\/\/demireisen.com.tr\/wp-content\/uploads\/2025\/06\/libya-1-1024x634.png 1024w, https:\/\/demireisen.com.tr\/wp-content\/uploads\/2025\/06\/libya-1-768x476.png 768w, https:\/\/demireisen.com.tr\/wp-content\/uploads\/2025\/06\/libya-1.png 1280w\" sizes=\"auto, (max-width: 300px) 100vw, 300px\" \/><\/div><p class=\"project-location\">Ankara<\/p><h3 class=\"project-title\">Libya B\u00fcy\u00fckel\u00e7ilik Binas\u0131<\/h3><hr class=\"project-divider\"><p class=\"project-category\">Mekanik Tesisat<\/p><\/a><\/div><div class=\"project-item\"><a href=\"https:\/\/demireisen.com.tr\/ru\/proje\/endonezya-elciligi-baskanlik-konutu\/\"><div class=\"project-image\"><img loading=\"lazy\" decoding=\"async\" width=\"300\" height=\"200\" src=\"https:\/\/demireisen.com.tr\/wp-content\/uploads\/2025\/06\/endonezya-300x200.jpg\" class=\"attachment-medium size-medium wp-post-image\" alt=\"\" srcset=\"https:\/\/demireisen.com.tr\/wp-content\/uploads\/2025\/06\/endonezya-300x200.jpg 300w, https:\/\/demireisen.com.tr\/wp-content\/uploads\/2025\/06\/endonezya.jpg 708w\" sizes=\"auto, (max-width: 300px) 100vw, 300px\" \/><\/div><p class=\"project-location\">Ankara<\/p><h3 class=\"project-title\">Endonezya El\u00e7ili\u011fi Ba\u015fkanl\u0131k Konutu<\/h3><hr class=\"project-divider\"><p class=\"project-category\">Mekanik Tesisat<\/p><\/a><\/div><div class=\"project-item\"><a href=\"https:\/\/demireisen.com.tr\/ru\/proje\/gamador-aura\/\"><div class=\"project-image\"><img loading=\"lazy\" decoding=\"async\" width=\"300\" height=\"221\" src=\"https:\/\/demireisen.com.tr\/wp-content\/uploads\/2025\/06\/gamador_aura_4-300x221.jpg\" class=\"attachment-medium size-medium wp-post-image\" alt=\"\" srcset=\"https:\/\/demireisen.com.tr\/wp-content\/uploads\/2025\/06\/gamador_aura_4-300x221.jpg 300w, https:\/\/demireisen.com.tr\/wp-content\/uploads\/2025\/06\/gamador_aura_4-1024x755.jpg 1024w, https:\/\/demireisen.com.tr\/wp-content\/uploads\/2025\/06\/gamador_aura_4-768x566.jpg 768w, https:\/\/demireisen.com.tr\/wp-content\/uploads\/2025\/06\/gamador_aura_4-1536x1133.jpg 1536w, https:\/\/demireisen.com.tr\/wp-content\/uploads\/2025\/06\/gamador_aura_4.jpg 1920w\" sizes=\"auto, (max-width: 300px) 100vw, 300px\" \/><\/div><p class=\"project-location\">Ankara<\/p><h3 class=\"project-title\">Gamador Aura<\/h3><hr class=\"project-divider\"><p class=\"project-category\">Mekanik Tesisat<\/p><\/a><\/div><div class=\"project-item\"><a href=\"https:\/\/demireisen.com.tr\/ru\/proje\/gamador-meydan\/\"><div class=\"project-image\"><img loading=\"lazy\" decoding=\"async\" width=\"300\" height=\"300\" src=\"https:\/\/demireisen.com.tr\/wp-content\/uploads\/2025\/06\/meydan4-300x300.jpg\" class=\"attachment-medium size-medium wp-post-image\" alt=\"\" srcset=\"https:\/\/demireisen.com.tr\/wp-content\/uploads\/2025\/06\/meydan4-300x300.jpg 300w, https:\/\/demireisen.com.tr\/wp-content\/uploads\/2025\/06\/meydan4-150x150.jpg 150w, https:\/\/demireisen.com.tr\/wp-content\/uploads\/2025\/06\/meydan4.jpg 720w\" sizes=\"auto, (max-width: 300px) 100vw, 300px\" \/><\/div><p class=\"project-location\">Ankara<\/p><h3 class=\"project-title\">Gamador Meydan<\/h3><hr class=\"project-divider\"><p class=\"project-category\">Mekanik Tesisat<\/p><\/a><\/div><\/div>\n","protected":false},"excerpt":{"rendered":"","protected":false},"author":1,"featured_media":0,"parent":0,"menu_order":0,"comment_status":"closed","ping_status":"closed","template":"page-templates\/template-fullwidth.php","meta":{"footnotes":""},"class_list":["post-610","page","type-page","status-publish","hentry"],"_links":{"self":[{"href":"https:\/\/demireisen.com.tr\/ru\/wp-json\/wp\/v2\/pages\/610","targetHints":{"allow":["GET"]}}],"collection":[{"href":"https:\/\/demireisen.com.tr\/ru\/wp-json\/wp\/v2\/pages"}],"about":[{"href":"https:\/\/demireisen.com.tr\/ru\/wp-json\/wp\/v2\/types\/page"}],"author":[{"embeddable":true,"href":"https:\/\/demireisen.com.tr\/ru\/wp-json\/wp\/v2\/users\/1"}],"replies":[{"embeddable":true,"href":"https:\/\/demireisen.com.tr\/ru\/wp-json\/wp\/v2\/comments?post=610"}],"version-history":[{"count":24,"href":"https:\/\/demireisen.com.tr\/ru\/wp-json\/wp\/v2\/pages\/610\/revisions"}],"predecessor-version":[{"id":2016,"href":"https:\/\/demireisen.com.tr\/ru\/wp-json\/wp\/v2\/pages\/610\/revisions\/2016"}],"wp:attachment":[{"href":"https:\/\/demireisen.com.tr\/ru\/wp-json\/wp\/v2\/media?parent=610"}],"curies":[{"name":"wp","href":"https:\/\/api.w.org\/{rel}","templated":true}]}}